{"id":1370,"date":"2020-01-02T09:28:08","date_gmt":"2020-01-02T09:28:08","guid":{"rendered":"http:\/\/wpdemo.archiwp.com\/engitech\/?page_id=1370"},"modified":"2025-10-23T16:38:15","modified_gmt":"2025-10-23T21:38:15","slug":"gets-tecnologia-contacto","status":"publish","type":"page","link":"https:\/\/gets.com.co\/engl\/gets-tecnologia-contacto\/","title":{"rendered":"Contact with Gets"},"content":{"rendered":"<div data-elementor-type=\"wp-page\" data-elementor-id=\"1370\" class=\"elementor elementor-1370\" data-elementor-post-type=\"page\">\n\t\t\t\t\t\t<section class=\"elementor-section elementor-top-section elementor-element elementor-element-8c1b6b2 elementor-section-content-middle ot-traditional elementor-section-boxed elementor-section-height-default elementor-section-height-default\" data-id=\"8c1b6b2\" data-element_type=\"section\" data-e-type=\"section\" data-settings=\"{&quot;ekit_has_onepagescroll_dot&quot;:&quot;yes&quot;}\">\n\t\t\t\t\t\t<div class=\"elementor-container elementor-column-gap-extended\">\n\t\t\t\t\t<div class=\"elementor-column elementor-col-50 elementor-top-column elementor-element elementor-element-8416bc3 ot-flex-column-vertical\" data-id=\"8416bc3\" data-element_type=\"column\" data-e-type=\"column\">\n\t\t\t<div class=\"elementor-widget-wrap elementor-element-populated\">\n\t\t\t\t\t\t<div class=\"elementor-element elementor-element-d735292 elementor-widget elementor-widget-iheading\" data-id=\"d735292\" data-element_type=\"widget\" data-e-type=\"widget\" data-settings=\"{&quot;ekit_we_effect_on&quot;:&quot;none&quot;}\" data-widget_type=\"iheading.default\">\n\t\t\t\t<div class=\"elementor-widget-container\">\n\t\t\t\t\t\t\t<div class=\"ot-heading\">\r\n\t        \t            <span>\/\/ CONTACT DETAILS<\/span>\r\n\t        <h2 class=\"main-heading\">CONTACT US<\/h2>\t    <\/div>\r\n\t    \t\t\t\t<\/div>\n\t\t\t\t<\/div>\n\t\t\t\t<div class=\"elementor-element elementor-element-d1b9e95 elementor-widget elementor-widget-text-editor\" data-id=\"d1b9e95\" data-element_type=\"widget\" data-e-type=\"widget\" data-settings=\"{&quot;ekit_we_effect_on&quot;:&quot;none&quot;}\" data-widget_type=\"text-editor.default\">\n\t\t\t\t<div class=\"elementor-widget-container\">\n\t\t\t\t\t\t\t\t\t<p>Call us or visit us in any time, we strive to respond to all queries within 24 hours on business days. We will be happy to answer your questions.<\/p>\t\t\t\t\t\t\t\t<\/div>\n\t\t\t\t<\/div>\n\t\t\t\t<div class=\"elementor-element elementor-element-b59a336 elementor-widget elementor-widget-icontact_info\" data-id=\"b59a336\" data-element_type=\"widget\" data-e-type=\"widget\" data-settings=\"{&quot;ekit_we_effect_on&quot;:&quot;none&quot;}\" data-widget_type=\"icontact_info.default\">\n\t\t\t\t<div class=\"elementor-widget-container\">\n\t\t\t\t\t\t\t\t\t\t    \t<div class=\"contact-info box-style1\">\r\n\t\t\t\t\t\t\t\t    \t\t        <i class=\"flaticon-world-globe\"><\/i>\t\t\t        <div class=\"info-text\">\r\n\t\t\t        \t<h6>Address<\/h6>\r\n\t\t\t        \t<p>Cartagena, Medell\u00edn, Colombia\nMiami - FL, USA\n<br>\n2008 - 2025\n<\/p>\r\n\t\t\t        <\/div>\r\n\t\t\t    <\/div>\r\n\t\t    \t    \t\t\t\t<\/div>\n\t\t\t\t<\/div>\n\t\t\t\t<div class=\"elementor-element elementor-element-4c90f57 elementor-widget elementor-widget-icontact_info\" data-id=\"4c90f57\" data-element_type=\"widget\" data-e-type=\"widget\" data-settings=\"{&quot;ekit_we_effect_on&quot;:&quot;none&quot;}\" data-widget_type=\"icontact_info.default\">\n\t\t\t\t<div class=\"elementor-widget-container\">\n\t\t\t\t\t\t\t\t\t\t    \t<div class=\"contact-info box-style1\">\r\n\t\t\t\t\t\t\t\t    \t\t        <i class=\"flaticon-envelope\"><\/i>\t\t\t        <div class=\"info-text\">\r\n\t\t\t        \t<h6>E-mail<\/h6>\r\n\t\t\t        \t<p>info@gets.com.co\n<br>\ngerencia@simbiotica.com.co<\/p>\r\n\t\t\t        <\/div>\r\n\t\t\t    <\/div>\r\n\t\t    \t    \t\t\t\t<\/div>\n\t\t\t\t<\/div>\n\t\t\t\t<div class=\"elementor-element elementor-element-a59e635 elementor-widget elementor-widget-icontact_info\" data-id=\"a59e635\" data-element_type=\"widget\" data-e-type=\"widget\" data-settings=\"{&quot;ekit_we_effect_on&quot;:&quot;none&quot;}\" data-widget_type=\"icontact_info.default\">\n\t\t\t\t<div class=\"elementor-widget-container\">\n\t\t\t\t\t\t\t\t\t\t    \t<div class=\"contact-info box-style1\">\r\n\t\t\t\t\t\t\t\t    \t\t        <i class=\"flaticon-phone-1\"><\/i>\t\t\t        <div class=\"info-text\">\r\n\t\t\t        \t<h6>Phone<\/h6>\r\n\t\t\t        \t<p>+57 300 5529057<\/p>\r\n\t\t\t        <\/div>\r\n\t\t\t    <\/div>\r\n\t\t    \t    \t\t\t\t<\/div>\n\t\t\t\t<\/div>\n\t\t\t\t\t<\/div>\n\t\t<\/div>\n\t\t\t\t<div class=\"elementor-column elementor-col-50 elementor-top-column elementor-element elementor-element-add1e18 ot-flex-column-vertical\" data-id=\"add1e18\" data-element_type=\"column\" data-e-type=\"column\">\n\t\t\t<div class=\"elementor-widget-wrap elementor-element-populated\">\n\t\t\t\t\t\t<div class=\"elementor-element elementor-element-5670179 elementor-widget elementor-widget-html\" data-id=\"5670179\" data-element_type=\"widget\" data-e-type=\"widget\" data-settings=\"{&quot;ekit_we_effect_on&quot;:&quot;none&quot;}\" data-widget_type=\"html.default\">\n\t\t\t\t<div class=\"elementor-widget-container\">\n\t\t\t\t\t<script>\r\n       (function(w,d,u){\r\n               var s=d.createElement('script');s.async=true;s.src=u+'?'+(Date.now()\/60000|0);\r\n               var h=d.getElementsByTagName('script')[0];h.parentNode.insertBefore(s,h);\r\n       })(window,document,'https:\/\/cdn.bitrix24.co\/b29873223\/crm\/...x.js');\r\n<\/script>\t\t\t\t<\/div>\n\t\t\t\t<\/div>\n\t\t\t\t\t<\/div>\n\t\t<\/div>\n\t\t\t\t\t<\/div>\n\t\t<\/section>\n\t\t<div class=\"elementor-element elementor-element-4eeb496 e-flex e-con-boxed e-con e-parent\" data-id=\"4eeb496\" data-element_type=\"container\" data-e-type=\"container\" data-settings=\"{&quot;ekit_has_onepagescroll_dot&quot;:&quot;yes&quot;}\">\n\t\t\t\t\t<div class=\"e-con-inner\">\n\t\t\t\t<div class=\"elementor-element elementor-element-ad929f1 elementor-widget elementor-widget-heading\" data-id=\"ad929f1\" data-element_type=\"widget\" data-e-type=\"widget\" data-settings=\"{&quot;ekit_we_effect_on&quot;:&quot;none&quot;}\" data-widget_type=\"heading.default\">\n\t\t\t\t<div class=\"elementor-widget-container\">\n\t\t\t\t\t<h2 class=\"elementor-heading-title elementor-size-default\">Otras Franquicias de GETS<\/h2>\t\t\t\t<\/div>\n\t\t\t\t<\/div>\n\t\t\t\t\t<\/div>\n\t\t\t\t<\/div>\n\t\t\t\t<section class=\"elementor-section elementor-top-section elementor-element elementor-element-aba0bc8 elementor-section-full_width ot-traditional elementor-section-height-default elementor-section-height-default\" data-id=\"aba0bc8\" data-element_type=\"section\" data-e-type=\"section\" data-settings=\"{&quot;ekit_has_onepagescroll_dot&quot;:&quot;yes&quot;}\">\n\t\t\t\t\t\t<div class=\"elementor-container elementor-column-gap-default\">\n\t\t\t\t\t<div class=\"elementor-column elementor-col-50 elementor-top-column elementor-element elementor-element-aa84c84 ot-flex-column-vertical\" data-id=\"aa84c84\" data-element_type=\"column\" data-e-type=\"column\">\n\t\t\t<div class=\"elementor-widget-wrap elementor-element-populated\">\n\t\t\t\t\t\t<div class=\"elementor-element elementor-element-50332eb elementor-widget elementor-widget-html\" data-id=\"50332eb\" data-element_type=\"widget\" data-e-type=\"widget\" data-settings=\"{&quot;ekit_we_effect_on&quot;:&quot;none&quot;}\" data-widget_type=\"html.default\">\n\t\t\t\t<div class=\"elementor-widget-container\">\n\t\t\t\t\t<iframe src=\"https:\/\/www.google.com\/maps\/embed?pb=!1m18!1m12!1m3!1d3924.1283693322234!2d-75.51915621263367!3d10.41137794943437!2m3!1f0!2f0!3f0!3m2!1i1024!2i768!4f13.1!3m3!1m2!1s0x8ef62585a173d5fb%3A0x65bdd39b7b19f1c0!2sCra.%2033%20%233023%2C%20Cartagena%20de%20Indias%2C%20Provincia%20de%20Cartagena%2C%20Bol%C3%ADvar!5e0!3m2!1ses!2sco!4v1760359100646!5m2!1ses!2sco\" width=\"600\" height=\"450\" style=\"border:0;\" allowfullscreen=\"\" loading=\"lazy\" referrerpolicy=\"no-referrer-when-downgrade\"><\/iframe>\t\t\t\t<\/div>\n\t\t\t\t<\/div>\n\t\t\t\t\t<\/div>\n\t\t<\/div>\n\t\t\t\t<div class=\"elementor-column elementor-col-50 elementor-top-column elementor-element elementor-element-bf602a9 ot-flex-column-vertical\" data-id=\"bf602a9\" data-element_type=\"column\" data-e-type=\"column\">\n\t\t\t<div class=\"elementor-widget-wrap elementor-element-populated\">\n\t\t\t\t\t\t<div class=\"elementor-element elementor-element-accbbe5 elementor-widget elementor-widget-html\" data-id=\"accbbe5\" data-element_type=\"widget\" data-e-type=\"widget\" data-settings=\"{&quot;ekit_we_effect_on&quot;:&quot;none&quot;}\" data-widget_type=\"html.default\">\n\t\t\t\t<div class=\"elementor-widget-container\">\n\t\t\t\t\t<iframe src=\"https:\/\/www.google.com\/maps\/embed?pb=!1m14!1m8!1m3!1d1649.989855336457!2d-75.48074101129481!3d10.393006907852177!3m2!1i1024!2i768!4f13.1!3m3!1m2!1s0x8ef6257f10c3cc99%3A0x5a4e6657bb79d6c4!2sGets%20Mobile!5e0!3m2!1ses!2sco!4v1703601220965!5m2!1ses!2sco\" width=\"600\" height=\"450\" style=\"border:0;\" allowfullscreen=\"\" loading=\"lazy\" referrerpolicy=\"no-referrer-when-downgrade\"><\/iframe>\t\t\t\t<\/div>\n\t\t\t\t<\/div>\n\t\t\t\t\t<\/div>\n\t\t<\/div>\n\t\t\t\t\t<\/div>\n\t\t<\/section>\n\t\t\t\t<\/div>","protected":false},"excerpt":{"rendered":"<p>\/\/ DETALLES DE CONTACTO CONTACTA CON NOSOTROS Ll\u00e1menos o vis\u00edtenos en cualquier momento, nos esforzamos por responder todas las consultas dentro de las 24 horas en d\u00edas h\u00e1biles. Estaremos encantados de responder a sus preguntas. Direcciones Cartagena, Medell\u00edn, Colombia Miami &#8211; FL, USA 2008 &#8211; 2025 Correo electr\u00f3nico info@gets.com.co gerencia@simbiotica.com.co Tel\u00e9fono +57 300 5529057 Otras [&hellip;]<\/p>","protected":false},"author":9,"featured_media":7644,"parent":0,"menu_order":0,"comment_status":"closed","ping_status":"closed","template":"","meta":{"_mbp_gutenberg_autopost":false,"footnotes":""},"class_list":["post-1370","page","type-page","status-publish","has-post-thumbnail","hentry"],"yoast_head":"<!-- This site is optimized with the Yoast SEO plugin v26.1.1 - https:\/\/yoast.com\/wordpress\/plugins\/seo\/ -->\n<title>Gets Tecnolog\u00eda: Contacto<\/title>\n<meta name=\"description\" content=\"\u00bfTienes un proyecto en mente o necesitas asesor\u00eda tecnol\u00f3gica?En Gets Tecnolog\u00eda, estamos listos para ayudarte a impulsar tu negocio con nuestras soluciones de desarrollo de software, marketing digital y transformaci\u00f3n tecnol\u00f3gica.Nuestro equipo de expertos te brindar\u00e1 la atenci\u00f3n personalizada que necesitas para llevar tus ideas al siguiente nivel.Cont\u00e1ctanos hoy mismo: completa nuestro formulario, env\u00edanos un correo o ll\u00e1manos directamente.En Gets Tecnolog\u00eda, transformamos tus ideas en resultados reales.\" \/>\n<meta name=\"robots\" content=\"index, follow, max-snippet:-1, max-image-preview:large, max-video-preview:-1\" \/>\n<link rel=\"canonical\" href=\"https:\/\/gets.com.co\/engl\/gets-tecnologia-contacto\/\" \/>\n<meta property=\"og:locale\" content=\"en_US\" \/>\n<meta property=\"og:type\" content=\"article\" \/>\n<meta property=\"og:title\" content=\"Gets Tecnolog\u00eda: Contacto\" \/>\n<meta property=\"og:description\" content=\"\u00bfTienes un proyecto en mente o necesitas asesor\u00eda tecnol\u00f3gica?En Gets Tecnolog\u00eda, estamos listos para ayudarte a impulsar tu negocio con nuestras soluciones de desarrollo de software, marketing digital y transformaci\u00f3n tecnol\u00f3gica.Nuestro equipo de expertos te brindar\u00e1 la atenci\u00f3n personalizada que necesitas para llevar tus ideas al siguiente nivel.Cont\u00e1ctanos hoy mismo: completa nuestro formulario, env\u00edanos un correo o ll\u00e1manos directamente.En Gets Tecnolog\u00eda, transformamos tus ideas en resultados reales.\" \/>\n<meta property=\"og:url\" content=\"https:\/\/gets.com.co\/engl\/gets-tecnologia-contacto\/\" \/>\n<meta property=\"og:site_name\" content=\"Gets Tecnolog\u00eda\" \/>\n<meta property=\"article:publisher\" content=\"https:\/\/www.facebook.com\/tecnologiagets\" \/>\n<meta property=\"article:modified_time\" content=\"2025-10-23T21:38:15+00:00\" \/>\n<meta property=\"og:image\" content=\"http:\/\/gets.com.co\/wp-content\/uploads\/2024\/12\/Slide-16_9-64.jpg\" \/>\n\t<meta property=\"og:image:width\" content=\"1920\" \/>\n\t<meta property=\"og:image:height\" content=\"1080\" \/>\n\t<meta property=\"og:image:type\" content=\"image\/jpeg\" \/>\n<meta name=\"twitter:card\" content=\"summary_large_image\" \/>\n<meta name=\"twitter:label1\" content=\"Est. reading time\" \/>\n\t<meta name=\"twitter:data1\" content=\"1 minute\" \/>\n<script type=\"application\/ld+json\" class=\"yoast-schema-graph\">{\"@context\":\"https:\/\/schema.org\",\"@graph\":[{\"@type\":\"WebPage\",\"@id\":\"https:\/\/gets.com.co\/gets-tecnologia-contacto\/\",\"url\":\"https:\/\/gets.com.co\/gets-tecnologia-contacto\/\",\"name\":\"Gets Tecnolog\u00eda: Contacto\",\"isPartOf\":{\"@id\":\"https:\/\/gets.com.co\/#website\"},\"primaryImageOfPage\":{\"@id\":\"https:\/\/gets.com.co\/gets-tecnologia-contacto\/#primaryimage\"},\"image\":{\"@id\":\"https:\/\/gets.com.co\/gets-tecnologia-contacto\/#primaryimage\"},\"thumbnailUrl\":\"https:\/\/gets.com.co\/wp-content\/uploads\/2024\/12\/Slide-16_9-64.jpg\",\"datePublished\":\"2020-01-02T09:28:08+00:00\",\"dateModified\":\"2025-10-23T21:38:15+00:00\",\"description\":\"\u00bfTienes un proyecto en mente o necesitas asesor\u00eda tecnol\u00f3gica?En Gets Tecnolog\u00eda, estamos listos para ayudarte a impulsar tu negocio con nuestras soluciones de desarrollo de software, marketing digital y transformaci\u00f3n tecnol\u00f3gica.Nuestro equipo de expertos te brindar\u00e1 la atenci\u00f3n personalizada que necesitas para llevar tus ideas al siguiente nivel.Cont\u00e1ctanos hoy mismo: completa nuestro formulario, env\u00edanos un correo o ll\u00e1manos directamente.En Gets Tecnolog\u00eda, transformamos tus ideas en resultados reales.\",\"breadcrumb\":{\"@id\":\"https:\/\/gets.com.co\/gets-tecnologia-contacto\/#breadcrumb\"},\"inLanguage\":\"en-US\",\"potentialAction\":[{\"@type\":\"ReadAction\",\"target\":[\"https:\/\/gets.com.co\/gets-tecnologia-contacto\/\"]}]},{\"@type\":\"ImageObject\",\"inLanguage\":\"en-US\",\"@id\":\"https:\/\/gets.com.co\/gets-tecnologia-contacto\/#primaryimage\",\"url\":\"https:\/\/gets.com.co\/wp-content\/uploads\/2024\/12\/Slide-16_9-64.jpg\",\"contentUrl\":\"https:\/\/gets.com.co\/wp-content\/uploads\/2024\/12\/Slide-16_9-64.jpg\",\"width\":1920,\"height\":1080},{\"@type\":\"BreadcrumbList\",\"@id\":\"https:\/\/gets.com.co\/gets-tecnologia-contacto\/#breadcrumb\",\"itemListElement\":[{\"@type\":\"ListItem\",\"position\":1,\"name\":\"Home\",\"item\":\"https:\/\/gets.com.co\/\"},{\"@type\":\"ListItem\",\"position\":2,\"name\":\"Contacta con Gets\"}]},{\"@type\":\"WebSite\",\"@id\":\"https:\/\/gets.com.co\/#website\",\"url\":\"https:\/\/gets.com.co\/\",\"name\":\"Gets Tecnolog\u00eda\",\"description\":\"Tu Aliado En Tecnolog\u00eda Y Desarrollo - Toda la tecnolog\u00eda en un Solo Lugar - Cartagena - Medell\u00edn - Colombia - USA\",\"potentialAction\":[{\"@type\":\"SearchAction\",\"target\":{\"@type\":\"EntryPoint\",\"urlTemplate\":\"https:\/\/gets.com.co\/?s={search_term_string}\"},\"query-input\":{\"@type\":\"PropertyValueSpecification\",\"valueRequired\":true,\"valueName\":\"search_term_string\"}}],\"inLanguage\":\"en-US\"}]}<\/script>\n<!-- \/ Yoast SEO plugin. -->","yoast_head_json":{"title":"Gets Tecnolog\u00eda: Contacto","description":"\u00bfTienes un proyecto en mente o necesitas asesor\u00eda tecnol\u00f3gica?En Gets Tecnolog\u00eda, estamos listos para ayudarte a impulsar tu negocio con nuestras soluciones de desarrollo de software, marketing digital y transformaci\u00f3n tecnol\u00f3gica.Nuestro equipo de expertos te brindar\u00e1 la atenci\u00f3n personalizada que necesitas para llevar tus ideas al siguiente nivel.Cont\u00e1ctanos hoy mismo: completa nuestro formulario, env\u00edanos un correo o ll\u00e1manos directamente.En Gets Tecnolog\u00eda, transformamos tus ideas en resultados reales.","robots":{"index":"index","follow":"follow","max-snippet":"max-snippet:-1","max-image-preview":"max-image-preview:large","max-video-preview":"max-video-preview:-1"},"canonical":"https:\/\/gets.com.co\/engl\/gets-tecnologia-contacto\/","og_locale":"en_US","og_type":"article","og_title":"Gets Tecnolog\u00eda: Contacto","og_description":"\u00bfTienes un proyecto en mente o necesitas asesor\u00eda tecnol\u00f3gica?En Gets Tecnolog\u00eda, estamos listos para ayudarte a impulsar tu negocio con nuestras soluciones de desarrollo de software, marketing digital y transformaci\u00f3n tecnol\u00f3gica.Nuestro equipo de expertos te brindar\u00e1 la atenci\u00f3n personalizada que necesitas para llevar tus ideas al siguiente nivel.Cont\u00e1ctanos hoy mismo: completa nuestro formulario, env\u00edanos un correo o ll\u00e1manos directamente.En Gets Tecnolog\u00eda, transformamos tus ideas en resultados reales.","og_url":"https:\/\/gets.com.co\/engl\/gets-tecnologia-contacto\/","og_site_name":"Gets Tecnolog\u00eda","article_publisher":"https:\/\/www.facebook.com\/tecnologiagets","article_modified_time":"2025-10-23T21:38:15+00:00","og_image":[{"width":1920,"height":1080,"url":"http:\/\/gets.com.co\/wp-content\/uploads\/2024\/12\/Slide-16_9-64.jpg","type":"image\/jpeg"}],"twitter_card":"summary_large_image","twitter_misc":{"Est. reading time":"1 minute"},"schema":{"@context":"https:\/\/schema.org","@graph":[{"@type":"WebPage","@id":"https:\/\/gets.com.co\/gets-tecnologia-contacto\/","url":"https:\/\/gets.com.co\/gets-tecnologia-contacto\/","name":"Gets Tecnolog\u00eda: Contacto","isPartOf":{"@id":"https:\/\/gets.com.co\/#website"},"primaryImageOfPage":{"@id":"https:\/\/gets.com.co\/gets-tecnologia-contacto\/#primaryimage"},"image":{"@id":"https:\/\/gets.com.co\/gets-tecnologia-contacto\/#primaryimage"},"thumbnailUrl":"https:\/\/gets.com.co\/wp-content\/uploads\/2024\/12\/Slide-16_9-64.jpg","datePublished":"2020-01-02T09:28:08+00:00","dateModified":"2025-10-23T21:38:15+00:00","description":"\u00bfTienes un proyecto en mente o necesitas asesor\u00eda tecnol\u00f3gica?En Gets Tecnolog\u00eda, estamos listos para ayudarte a impulsar tu negocio con nuestras soluciones de desarrollo de software, marketing digital y transformaci\u00f3n tecnol\u00f3gica.Nuestro equipo de expertos te brindar\u00e1 la atenci\u00f3n personalizada que necesitas para llevar tus ideas al siguiente nivel.Cont\u00e1ctanos hoy mismo: completa nuestro formulario, env\u00edanos un correo o ll\u00e1manos directamente.En Gets Tecnolog\u00eda, transformamos tus ideas en resultados reales.","breadcrumb":{"@id":"https:\/\/gets.com.co\/gets-tecnologia-contacto\/#breadcrumb"},"inLanguage":"en-US","potentialAction":[{"@type":"ReadAction","target":["https:\/\/gets.com.co\/gets-tecnologia-contacto\/"]}]},{"@type":"ImageObject","inLanguage":"en-US","@id":"https:\/\/gets.com.co\/gets-tecnologia-contacto\/#primaryimage","url":"https:\/\/gets.com.co\/wp-content\/uploads\/2024\/12\/Slide-16_9-64.jpg","contentUrl":"https:\/\/gets.com.co\/wp-content\/uploads\/2024\/12\/Slide-16_9-64.jpg","width":1920,"height":1080},{"@type":"BreadcrumbList","@id":"https:\/\/gets.com.co\/gets-tecnologia-contacto\/#breadcrumb","itemListElement":[{"@type":"ListItem","position":1,"name":"Home","item":"https:\/\/gets.com.co\/"},{"@type":"ListItem","position":2,"name":"Contacta con Gets"}]},{"@type":"WebSite","@id":"https:\/\/gets.com.co\/#website","url":"https:\/\/gets.com.co\/","name":"Gets Technology","description":"Tu Aliado En Tecnolog\u00eda Y Desarrollo - Toda la tecnolog\u00eda en un Solo Lugar - Cartagena - Medell\u00edn - Colombia - USA","potentialAction":[{"@type":"SearchAction","target":{"@type":"EntryPoint","urlTemplate":"https:\/\/gets.com.co\/?s={search_term_string}"},"query-input":{"@type":"PropertyValueSpecification","valueRequired":true,"valueName":"search_term_string"}}],"inLanguage":"en-US"}]}},"_links":{"self":[{"href":"https:\/\/gets.com.co\/engl\/wp-json\/wp\/v2\/pages\/1370","targetHints":{"allow":["GET"]}}],"collection":[{"href":"https:\/\/gets.com.co\/engl\/wp-json\/wp\/v2\/pages"}],"about":[{"href":"https:\/\/gets.com.co\/engl\/wp-json\/wp\/v2\/types\/page"}],"author":[{"embeddable":true,"href":"https:\/\/gets.com.co\/engl\/wp-json\/wp\/v2\/users\/9"}],"replies":[{"embeddable":true,"href":"https:\/\/gets.com.co\/engl\/wp-json\/wp\/v2\/comments?post=1370"}],"version-history":[{"count":66,"href":"https:\/\/gets.com.co\/engl\/wp-json\/wp\/v2\/pages\/1370\/revisions"}],"predecessor-version":[{"id":8065,"href":"https:\/\/gets.com.co\/engl\/wp-json\/wp\/v2\/pages\/1370\/revisions\/8065"}],"wp:featuredmedia":[{"embeddable":true,"href":"https:\/\/gets.com.co\/engl\/wp-json\/wp\/v2\/media\/7644"}],"wp:attachment":[{"href":"https:\/\/gets.com.co\/engl\/wp-json\/wp\/v2\/media?parent=1370"}],"curies":[{"name":"wp","href":"https:\/\/api.w.org\/{rel}","templated":true}]}}