{"id":1866,"date":"2020-02-04T10:17:39","date_gmt":"2020-02-04T10:17:39","guid":{"rendered":"http:\/\/wpdemo.archiwp.com\/engitech\/?page_id=1866"},"modified":"2025-03-19T15:43:42","modified_gmt":"2025-03-19T20:43:42","slug":"portafolio-de-proyectos","status":"publish","type":"page","link":"https:\/\/gets.com.co\/engl\/portafolio-de-proyectos\/","title":{"rendered":"Portfolio of Projects"},"content":{"rendered":"<div data-elementor-type=\"wp-page\" data-elementor-id=\"1866\" class=\"elementor elementor-1866\" data-elementor-post-type=\"page\">\n\t\t\t\t\t\t<section class=\"elementor-section elementor-top-section elementor-element elementor-element-dd247bf ot-traditional elementor-section-boxed elementor-section-height-default elementor-section-height-default\" data-id=\"dd247bf\" data-element_type=\"section\" data-e-type=\"section\" data-settings=\"{&quot;ekit_has_onepagescroll_dot&quot;:&quot;yes&quot;}\">\n\t\t\t\t\t\t<div class=\"elementor-container elementor-column-gap-default\">\n\t\t\t\t\t<div class=\"elementor-column elementor-col-100 elementor-top-column elementor-element elementor-element-1f4e0cb ot-flex-column-vertical\" data-id=\"1f4e0cb\" data-element_type=\"column\" data-e-type=\"column\">\n\t\t\t<div class=\"elementor-widget-wrap elementor-element-populated\">\n\t\t\t\t\t\t<div class=\"elementor-element elementor-element-cd09ac1 elementor-widget elementor-widget-iheading\" data-id=\"cd09ac1\" data-element_type=\"widget\" data-e-type=\"widget\" data-settings=\"{&quot;ekit_we_effect_on&quot;:&quot;none&quot;}\" data-widget_type=\"iheading.default\">\n\t\t\t\t<div class=\"elementor-widget-container\">\n\t\t\t\t\t\t\t<div class=\"ot-heading\">\r\n\t        \t            <span>\/\/ past Projects<\/span>\r\n\t        <h2 class=\"main-heading\">We present some of our projects<\/h2>\t    <\/div>\r\n\t    \t\t\t\t<\/div>\n\t\t\t\t<\/div>\n\t\t\t\t<div class=\"elementor-element elementor-element-27b73fe elementor-widget elementor-widget-text-editor\" data-id=\"27b73fe\" data-element_type=\"widget\" data-e-type=\"widget\" data-settings=\"{&quot;ekit_we_effect_on&quot;:&quot;none&quot;}\" data-widget_type=\"text-editor.default\">\n\t\t\t\t<div class=\"elementor-widget-container\">\n\t\t\t\t\t\t\t\t\t<p>The outsourcing of software development is only a tool to achieve the business objectives. But there is no way<br \/>to obtain results that are worthwhile without cooperation and trust between a client company.<\/p>\t\t\t\t\t\t\t\t<\/div>\n\t\t\t\t<\/div>\n\t\t\t\t<div class=\"elementor-element elementor-element-52770ed elementor-invisible elementor-widget elementor-widget-ipfilter\" data-id=\"52770ed\" data-element_type=\"widget\" data-e-type=\"widget\" data-settings=\"{&quot;_animation&quot;:&quot;fadeInDown&quot;,&quot;ekit_we_effect_on&quot;:&quot;none&quot;}\" data-widget_type=\"ipfilter.default\">\n\t\t\t\t<div class=\"elementor-widget-container\">\n\t\t\t\t\t\r\n\t\t<div class=\"project-filter-wrapper\">\r\n\t                \t\t<ul class=\"project_filters\">\r\n        \t\t\t        \t\t\t \t<li><a href=\"#\" data-filter=\"*\" class=\"selected\">All<\/a><\/li>\r\n        \t\t\t\t                \t                    <li><a href='#' data-filter='.category-47'>APP<\/a><\/li>\t                    \r\n\t                \t                    <li><a href='#' data-filter='.category-83'>ecommerce<\/a><\/li>\t                    \r\n\t                \t                    <li><a href='#' data-filter='.category-85'>Sitio web<\/a><\/li>\t                    \r\n\t                \t                    <li><a href='#' data-filter='.category-22'>Technology<\/a><\/li>\t                    \r\n\t                \t\t\t\t<\/ul>\r\n\t        \r\n\t        <div class=\"projects-grid projects-style-1\">\r\n\t        \t\r\n\t            \r\n\t            \t<div class=\"project-item category-85\">\r\n\t\t\t\t\t\t<div class=\"projects-box\">\r\n\t\t\t\t\t\t\t<div class=\"projects-thumbnail\">\r\n\t\t\t\t\t\t\t\t<a href=\"https:\/\/gets.com.co\/engl\/portfolio\/qualitycol\/\">\r\n\t\t\t\t\t\t\t\t\t<img fetchpriority=\"high\" decoding=\"async\" width=\"720\" height=\"661\" src=\"https:\/\/gets.com.co\/wp-content\/uploads\/2025\/11\/qualitycol.jpg\" class=\"attachment-engitech-portfolio-thumbnail-grid size-engitech-portfolio-thumbnail-grid wp-post-image\" alt=\"\" srcset=\"https:\/\/gets.com.co\/wp-content\/uploads\/2025\/11\/qualitycol.jpg 720w, https:\/\/gets.com.co\/wp-content\/uploads\/2025\/11\/qualitycol-300x275.jpg 300w, https:\/\/gets.com.co\/wp-content\/uploads\/2025\/11\/qualitycol-13x12.jpg 13w\" sizes=\"(max-width: 720px) 100vw, 720px\" \/>\t\t\t\t\t\t\t\t<\/a>\r\n\t\t\t\t\t\t\t<\/div>\r\n\t\t\t\t\t\t\t<div class=\"portfolio-info\">\r\n\t\t\t\t\t\t\t\t<a class=\"overlay\" href=\"https:\/\/gets.com.co\/engl\/portfolio\/qualitycol\/\"><\/a>\t\t\t\t\t\t\t\t<div class=\"portfolio-info-inner\">\r\n\t\t\t\t\t\t\t\t\t<h5><a href=\"https:\/\/gets.com.co\/engl\/portfolio\/qualitycol\/\">Qualitycol<\/a><\/h5>\r\n\t\t\t\t\t\t\t\t\t<p class=\"portfolio-cates\"><a href=\"https:\/\/gets.com.co\/engl\/portfolio-category\/sitio-web\/\">Sitio web<\/a><span>\/<\/span><\/p> \r\n\t\t\t\t\t\t\t\t<\/div>\r\n\t\t\t\t\t\t\t<\/div>\r\n\t\t\t\t\t\t<\/div>\r\n\t\t\t\t\t<\/div>\r\n\r\n\t            \r\n\t            \t<div class=\"project-item category-85\">\r\n\t\t\t\t\t\t<div class=\"projects-box\">\r\n\t\t\t\t\t\t\t<div class=\"projects-thumbnail\">\r\n\t\t\t\t\t\t\t\t<a href=\"https:\/\/gets.com.co\/engl\/portfolio\/di-silvio\/\">\r\n\t\t\t\t\t\t\t\t\t<img decoding=\"async\" width=\"720\" height=\"661\" src=\"https:\/\/gets.com.co\/wp-content\/uploads\/2025\/11\/diisilvio_baner.jpg\" class=\"attachment-engitech-portfolio-thumbnail-grid size-engitech-portfolio-thumbnail-grid wp-post-image\" alt=\"\" srcset=\"https:\/\/gets.com.co\/wp-content\/uploads\/2025\/11\/diisilvio_baner.jpg 720w, https:\/\/gets.com.co\/wp-content\/uploads\/2025\/11\/diisilvio_baner-300x275.jpg 300w, https:\/\/gets.com.co\/wp-content\/uploads\/2025\/11\/diisilvio_baner-13x12.jpg 13w\" sizes=\"(max-width: 720px) 100vw, 720px\" \/>\t\t\t\t\t\t\t\t<\/a>\r\n\t\t\t\t\t\t\t<\/div>\r\n\t\t\t\t\t\t\t<div class=\"portfolio-info\">\r\n\t\t\t\t\t\t\t\t<a class=\"overlay\" href=\"https:\/\/gets.com.co\/engl\/portfolio\/di-silvio\/\"><\/a>\t\t\t\t\t\t\t\t<div class=\"portfolio-info-inner\">\r\n\t\t\t\t\t\t\t\t\t<h5><a href=\"https:\/\/gets.com.co\/engl\/portfolio\/di-silvio\/\">Di silvio<\/a><\/h5>\r\n\t\t\t\t\t\t\t\t\t<p class=\"portfolio-cates\"><a href=\"https:\/\/gets.com.co\/engl\/portfolio-category\/sitio-web\/\">Sitio web<\/a><span>\/<\/span><\/p> \r\n\t\t\t\t\t\t\t\t<\/div>\r\n\t\t\t\t\t\t\t<\/div>\r\n\t\t\t\t\t\t<\/div>\r\n\t\t\t\t\t<\/div>\r\n\r\n\t            \r\n\t            \t<div class=\"project-item category-85\">\r\n\t\t\t\t\t\t<div class=\"projects-box\">\r\n\t\t\t\t\t\t\t<div class=\"projects-thumbnail\">\r\n\t\t\t\t\t\t\t\t<a href=\"https:\/\/gets.com.co\/engl\/portfolio\/solpecol\/\">\r\n\t\t\t\t\t\t\t\t\t<img decoding=\"async\" width=\"720\" height=\"661\" src=\"https:\/\/gets.com.co\/wp-content\/uploads\/2025\/11\/baner_solpecol.jpg\" class=\"attachment-engitech-portfolio-thumbnail-grid size-engitech-portfolio-thumbnail-grid wp-post-image\" alt=\"\" srcset=\"https:\/\/gets.com.co\/wp-content\/uploads\/2025\/11\/baner_solpecol.jpg 720w, https:\/\/gets.com.co\/wp-content\/uploads\/2025\/11\/baner_solpecol-300x275.jpg 300w, https:\/\/gets.com.co\/wp-content\/uploads\/2025\/11\/baner_solpecol-13x12.jpg 13w\" sizes=\"(max-width: 720px) 100vw, 720px\" \/>\t\t\t\t\t\t\t\t<\/a>\r\n\t\t\t\t\t\t\t<\/div>\r\n\t\t\t\t\t\t\t<div class=\"portfolio-info\">\r\n\t\t\t\t\t\t\t\t<a class=\"overlay\" href=\"https:\/\/gets.com.co\/engl\/portfolio\/solpecol\/\"><\/a>\t\t\t\t\t\t\t\t<div class=\"portfolio-info-inner\">\r\n\t\t\t\t\t\t\t\t\t<h5><a href=\"https:\/\/gets.com.co\/engl\/portfolio\/solpecol\/\">Solpecol<\/a><\/h5>\r\n\t\t\t\t\t\t\t\t\t<p class=\"portfolio-cates\"><a href=\"https:\/\/gets.com.co\/engl\/portfolio-category\/sitio-web\/\">Sitio web<\/a><span>\/<\/span><\/p> \r\n\t\t\t\t\t\t\t\t<\/div>\r\n\t\t\t\t\t\t\t<\/div>\r\n\t\t\t\t\t\t<\/div>\r\n\t\t\t\t\t<\/div>\r\n\r\n\t            \r\n\t            \t<div class=\"project-item category-85\">\r\n\t\t\t\t\t\t<div class=\"projects-box\">\r\n\t\t\t\t\t\t\t<div class=\"projects-thumbnail\">\r\n\t\t\t\t\t\t\t\t<a href=\"https:\/\/gets.com.co\/engl\/portfolio\/nuestros3tesoros\/\">\r\n\t\t\t\t\t\t\t\t\t<img loading=\"lazy\" decoding=\"async\" width=\"720\" height=\"661\" src=\"https:\/\/gets.com.co\/wp-content\/uploads\/2025\/11\/3tesoros_baner.jpg\" class=\"attachment-engitech-portfolio-thumbnail-grid size-engitech-portfolio-thumbnail-grid wp-post-image\" alt=\"\" srcset=\"https:\/\/gets.com.co\/wp-content\/uploads\/2025\/11\/3tesoros_baner.jpg 720w, https:\/\/gets.com.co\/wp-content\/uploads\/2025\/11\/3tesoros_baner-300x275.jpg 300w, https:\/\/gets.com.co\/wp-content\/uploads\/2025\/11\/3tesoros_baner-13x12.jpg 13w\" sizes=\"(max-width: 720px) 100vw, 720px\" \/>\t\t\t\t\t\t\t\t<\/a>\r\n\t\t\t\t\t\t\t<\/div>\r\n\t\t\t\t\t\t\t<div class=\"portfolio-info\">\r\n\t\t\t\t\t\t\t\t<a class=\"overlay\" href=\"https:\/\/gets.com.co\/engl\/portfolio\/nuestros3tesoros\/\"><\/a>\t\t\t\t\t\t\t\t<div class=\"portfolio-info-inner\">\r\n\t\t\t\t\t\t\t\t\t<h5><a href=\"https:\/\/gets.com.co\/engl\/portfolio\/nuestros3tesoros\/\">nuestros3tesoros<\/a><\/h5>\r\n\t\t\t\t\t\t\t\t\t<p class=\"portfolio-cates\"><a href=\"https:\/\/gets.com.co\/engl\/portfolio-category\/sitio-web\/\">Sitio web<\/a><span>\/<\/span><\/p> \r\n\t\t\t\t\t\t\t\t<\/div>\r\n\t\t\t\t\t\t\t<\/div>\r\n\t\t\t\t\t\t<\/div>\r\n\t\t\t\t\t<\/div>\r\n\r\n\t            \r\n\t            \t<div class=\"project-item category-83\">\r\n\t\t\t\t\t\t<div class=\"projects-box\">\r\n\t\t\t\t\t\t\t<div class=\"projects-thumbnail\">\r\n\t\t\t\t\t\t\t\t<a href=\"https:\/\/gets.com.co\/engl\/portfolio\/budahouse-beach\/\">\r\n\t\t\t\t\t\t\t\t\t<img loading=\"lazy\" decoding=\"async\" width=\"720\" height=\"661\" src=\"https:\/\/gets.com.co\/wp-content\/uploads\/2025\/11\/baner_buda.jpg\" class=\"attachment-engitech-portfolio-thumbnail-grid size-engitech-portfolio-thumbnail-grid wp-post-image\" alt=\"\" srcset=\"https:\/\/gets.com.co\/wp-content\/uploads\/2025\/11\/baner_buda.jpg 720w, https:\/\/gets.com.co\/wp-content\/uploads\/2025\/11\/baner_buda-300x275.jpg 300w, https:\/\/gets.com.co\/wp-content\/uploads\/2025\/11\/baner_buda-13x12.jpg 13w\" sizes=\"(max-width: 720px) 100vw, 720px\" \/>\t\t\t\t\t\t\t\t<\/a>\r\n\t\t\t\t\t\t\t<\/div>\r\n\t\t\t\t\t\t\t<div class=\"portfolio-info\">\r\n\t\t\t\t\t\t\t\t<a class=\"overlay\" href=\"https:\/\/gets.com.co\/engl\/portfolio\/budahouse-beach\/\"><\/a>\t\t\t\t\t\t\t\t<div class=\"portfolio-info-inner\">\r\n\t\t\t\t\t\t\t\t\t<h5><a href=\"https:\/\/gets.com.co\/engl\/portfolio\/budahouse-beach\/\">budahouse beach<\/a><\/h5>\r\n\t\t\t\t\t\t\t\t\t<p class=\"portfolio-cates\"><a href=\"https:\/\/gets.com.co\/engl\/portfolio-category\/ecommerce\/\">ecommerce<\/a><span>\/<\/span><\/p> \r\n\t\t\t\t\t\t\t\t<\/div>\r\n\t\t\t\t\t\t\t<\/div>\r\n\t\t\t\t\t\t<\/div>\r\n\t\t\t\t\t<\/div>\r\n\r\n\t            \r\n\t            \t<div class=\"project-item category-85\">\r\n\t\t\t\t\t\t<div class=\"projects-box\">\r\n\t\t\t\t\t\t\t<div class=\"projects-thumbnail\">\r\n\t\t\t\t\t\t\t\t<a href=\"https:\/\/gets.com.co\/engl\/portfolio\/dragofit\/\">\r\n\t\t\t\t\t\t\t\t\t<img loading=\"lazy\" decoding=\"async\" width=\"720\" height=\"661\" src=\"https:\/\/gets.com.co\/wp-content\/uploads\/2025\/11\/baner_-dragofit.jpg\" class=\"attachment-engitech-portfolio-thumbnail-grid size-engitech-portfolio-thumbnail-grid wp-post-image\" alt=\"\" srcset=\"https:\/\/gets.com.co\/wp-content\/uploads\/2025\/11\/baner_-dragofit.jpg 720w, https:\/\/gets.com.co\/wp-content\/uploads\/2025\/11\/baner_-dragofit-300x275.jpg 300w, https:\/\/gets.com.co\/wp-content\/uploads\/2025\/11\/baner_-dragofit-13x12.jpg 13w\" sizes=\"(max-width: 720px) 100vw, 720px\" \/>\t\t\t\t\t\t\t\t<\/a>\r\n\t\t\t\t\t\t\t<\/div>\r\n\t\t\t\t\t\t\t<div class=\"portfolio-info\">\r\n\t\t\t\t\t\t\t\t<a class=\"overlay\" href=\"https:\/\/gets.com.co\/engl\/portfolio\/dragofit\/\"><\/a>\t\t\t\t\t\t\t\t<div class=\"portfolio-info-inner\">\r\n\t\t\t\t\t\t\t\t\t<h5><a href=\"https:\/\/gets.com.co\/engl\/portfolio\/dragofit\/\">Dragofit<\/a><\/h5>\r\n\t\t\t\t\t\t\t\t\t<p class=\"portfolio-cates\"><a href=\"https:\/\/gets.com.co\/engl\/portfolio-category\/sitio-web\/\">Sitio web<\/a><span>\/<\/span><\/p> \r\n\t\t\t\t\t\t\t\t<\/div>\r\n\t\t\t\t\t\t\t<\/div>\r\n\t\t\t\t\t\t<\/div>\r\n\t\t\t\t\t<\/div>\r\n\r\n\t            \t        <\/div>\r\n\t    <\/div>\r\n\r\n\t    \t\t\t\t<\/div>\n\t\t\t\t<\/div>\n\t\t\t\t\t<\/div>\n\t\t<\/div>\n\t\t\t\t\t<\/div>\n\t\t<\/section>\n\t\t<div class=\"elementor-element elementor-element-b999e97 e-flex e-con-boxed e-con e-parent\" data-id=\"b999e97\" data-element_type=\"container\" data-e-type=\"container\" data-settings=\"{&quot;ekit_has_onepagescroll_dot&quot;:&quot;yes&quot;}\">\n\t\t\t\t\t<div class=\"e-con-inner\">\n\t\t\t\t<div class=\"elementor-element elementor-element-5eb35b6 elementor-widget elementor-widget-image\" data-id=\"5eb35b6\" data-element_type=\"widget\" data-e-type=\"widget\" data-settings=\"{&quot;ekit_we_effect_on&quot;:&quot;none&quot;}\" data-widget_type=\"image.default\">\n\t\t\t\t<div class=\"elementor-widget-container\">\n\t\t\t\t\t\t\t\t\t\t\t\t\t\t\t\t<a href=\"https:\/\/wa.me\/573242076281?text=%C2%A1Hola!%20%F0%9F%91%8B%20Estoy%20muy%20interesado%20en%20conocer%20m%C3%A1s%20sobre%20sus%20servicios%20de%20sitio%20web,%20marketing,%20apps,%20dise%C3%B1o%20y%20ingenier%C3%ADa%20de%20software.%20%F0%9F%92%BB%F0%9F%93%B1%F0%9F%8E%A8%F0%9F%9B%A0%20Vi%20su%20sitio%20web%20y%20me%20gustar%C3%ADa%20obtener%20m%C3%A1s%20informaci%C3%B3n.%20%C2%BFPodemos%20hablar%20sobre%20ello?\" target=\"_blank\">\n\t\t\t\t\t\t\t<img loading=\"lazy\" decoding=\"async\" width=\"1024\" height=\"1024\" src=\"https:\/\/gets.com.co\/wp-content\/uploads\/2024\/04\/apps-moviles.jpg\" class=\"attachment-large size-large wp-image-6759\" alt=\"\" \/>\t\t\t\t\t\t\t\t<\/a>\n\t\t\t\t\t\t\t\t\t\t\t\t\t\t\t<\/div>\n\t\t\t\t<\/div>\n\t\t\t\t\t<\/div>\n\t\t\t\t<\/div>\n\t\t\t\t<\/div>","protected":false},"excerpt":{"rendered":"<p>\/\/ \u00faltimos Proyectos Presentamos algunos de nuestros proyectos La externalizaci\u00f3n del desarrollo de software es s\u00f3lo una herramienta para alcanzar los objetivos empresariales. Pero no hay formade obtener resultados que merezcan la pena sin cooperaci\u00f3n y confianza entre una empresa cliente. All APP Technology Taxi Rosa App Onboarding Digital APP\/Technology\/ Hey Moto App APP\/Technology\/<\/p>","protected":false},"author":9,"featured_media":0,"parent":0,"menu_order":0,"comment_status":"closed","ping_status":"closed","template":"","meta":{"_mbp_gutenberg_autopost":false,"footnotes":""},"class_list":["post-1866","page","type-page","status-publish","hentry"],"yoast_head":"<!-- This site is optimized with the Yoast SEO plugin v26.1.1 - https:\/\/yoast.com\/wordpress\/plugins\/seo\/ -->\n<title>Nuestro Portafolio de Proyectos<\/title>\n<meta name=\"description\" content=\"Explora el portafolio de proyectos de Gets Tecnolog\u00eda, donde destacamos nuestras soluciones innovadoras en desarrollo de software, marketing digital y m\u00e1s. Descubre c\u00f3mo hemos ayudado a nuestros clientes a alcanzar sus objetivos y transformar sus ideas en \u00e9xitos tangibles.\" \/>\n<meta name=\"robots\" content=\"index, follow, max-snippet:-1, max-image-preview:large, max-video-preview:-1\" \/>\n<link rel=\"canonical\" href=\"https:\/\/gets.com.co\/engl\/portafolio-de-proyectos\/\" \/>\n<meta property=\"og:locale\" content=\"en_US\" \/>\n<meta property=\"og:type\" content=\"article\" \/>\n<meta property=\"og:title\" content=\"Nuestro Portafolio de Proyectos\" \/>\n<meta property=\"og:description\" content=\"Explora el portafolio de proyectos de Gets Tecnolog\u00eda, donde destacamos nuestras soluciones innovadoras en desarrollo de software, marketing digital y m\u00e1s. Descubre c\u00f3mo hemos ayudado a nuestros clientes a alcanzar sus objetivos y transformar sus ideas en \u00e9xitos tangibles.\" \/>\n<meta property=\"og:url\" content=\"https:\/\/gets.com.co\/engl\/portafolio-de-proyectos\/\" \/>\n<meta property=\"og:site_name\" content=\"Gets Tecnolog\u00eda\" \/>\n<meta property=\"article:publisher\" content=\"https:\/\/www.facebook.com\/tecnologiagets\" \/>\n<meta property=\"article:modified_time\" content=\"2025-03-19T20:43:42+00:00\" \/>\n<meta property=\"og:image\" content=\"http:\/\/gets.com.co\/wp-content\/uploads\/2024\/04\/desarrollo-de-soluciones-.jpg\" \/>\n<meta name=\"twitter:card\" content=\"summary_large_image\" \/>\n<meta name=\"twitter:label1\" content=\"Est. reading time\" \/>\n\t<meta name=\"twitter:data1\" content=\"2 minutes\" \/>\n<script type=\"application\/ld+json\" class=\"yoast-schema-graph\">{\"@context\":\"https:\/\/schema.org\",\"@graph\":[{\"@type\":\"WebPage\",\"@id\":\"https:\/\/gets.com.co\/engl\/portafolio-de-proyectos\/\",\"url\":\"https:\/\/gets.com.co\/engl\/portafolio-de-proyectos\/\",\"name\":\"Nuestro Portafolio de Proyectos\",\"isPartOf\":{\"@id\":\"https:\/\/gets.com.co\/#website\"},\"primaryImageOfPage\":{\"@id\":\"https:\/\/gets.com.co\/engl\/portafolio-de-proyectos\/#primaryimage\"},\"image\":{\"@id\":\"https:\/\/gets.com.co\/engl\/portafolio-de-proyectos\/#primaryimage\"},\"thumbnailUrl\":\"http:\/\/gets.com.co\/wp-content\/uploads\/2024\/04\/desarrollo-de-soluciones-.jpg\",\"datePublished\":\"2020-02-04T10:17:39+00:00\",\"dateModified\":\"2025-03-19T20:43:42+00:00\",\"description\":\"Explora el portafolio de proyectos de Gets Tecnolog\u00eda, donde destacamos nuestras soluciones innovadoras en desarrollo de software, marketing digital y m\u00e1s. Descubre c\u00f3mo hemos ayudado a nuestros clientes a alcanzar sus objetivos y transformar sus ideas en \u00e9xitos tangibles.\",\"breadcrumb\":{\"@id\":\"https:\/\/gets.com.co\/engl\/portafolio-de-proyectos\/#breadcrumb\"},\"inLanguage\":\"en-US\",\"potentialAction\":[{\"@type\":\"ReadAction\",\"target\":[\"https:\/\/gets.com.co\/engl\/portafolio-de-proyectos\/\"]}]},{\"@type\":\"ImageObject\",\"inLanguage\":\"en-US\",\"@id\":\"https:\/\/gets.com.co\/engl\/portafolio-de-proyectos\/#primaryimage\",\"url\":\"http:\/\/gets.com.co\/wp-content\/uploads\/2024\/04\/desarrollo-de-soluciones-.jpg\",\"contentUrl\":\"http:\/\/gets.com.co\/wp-content\/uploads\/2024\/04\/desarrollo-de-soluciones-.jpg\"},{\"@type\":\"BreadcrumbList\",\"@id\":\"https:\/\/gets.com.co\/engl\/portafolio-de-proyectos\/#breadcrumb\",\"itemListElement\":[{\"@type\":\"ListItem\",\"position\":1,\"name\":\"Home\",\"item\":\"https:\/\/gets.com.co\/\"},{\"@type\":\"ListItem\",\"position\":2,\"name\":\"Portafolio de Proyectos\"}]},{\"@type\":\"WebSite\",\"@id\":\"https:\/\/gets.com.co\/#website\",\"url\":\"https:\/\/gets.com.co\/\",\"name\":\"Gets Tecnolog\u00eda\",\"description\":\"Tu Aliado En Tecnolog\u00eda Y Desarrollo - Toda la tecnolog\u00eda en un Solo Lugar - Cartagena - Medell\u00edn - Colombia - USA\",\"potentialAction\":[{\"@type\":\"SearchAction\",\"target\":{\"@type\":\"EntryPoint\",\"urlTemplate\":\"https:\/\/gets.com.co\/?s={search_term_string}\"},\"query-input\":{\"@type\":\"PropertyValueSpecification\",\"valueRequired\":true,\"valueName\":\"search_term_string\"}}],\"inLanguage\":\"en-US\"}]}<\/script>\n<!-- \/ Yoast SEO plugin. -->","yoast_head_json":{"title":"Nuestro Portafolio de Proyectos","description":"Explora el portafolio de proyectos de Gets Tecnolog\u00eda, donde destacamos nuestras soluciones innovadoras en desarrollo de software, marketing digital y m\u00e1s. Descubre c\u00f3mo hemos ayudado a nuestros clientes a alcanzar sus objetivos y transformar sus ideas en \u00e9xitos tangibles.","robots":{"index":"index","follow":"follow","max-snippet":"max-snippet:-1","max-image-preview":"max-image-preview:large","max-video-preview":"max-video-preview:-1"},"canonical":"https:\/\/gets.com.co\/engl\/portafolio-de-proyectos\/","og_locale":"en_US","og_type":"article","og_title":"Nuestro Portafolio de Proyectos","og_description":"Explora el portafolio de proyectos de Gets Tecnolog\u00eda, donde destacamos nuestras soluciones innovadoras en desarrollo de software, marketing digital y m\u00e1s. Descubre c\u00f3mo hemos ayudado a nuestros clientes a alcanzar sus objetivos y transformar sus ideas en \u00e9xitos tangibles.","og_url":"https:\/\/gets.com.co\/engl\/portafolio-de-proyectos\/","og_site_name":"Gets Tecnolog\u00eda","article_publisher":"https:\/\/www.facebook.com\/tecnologiagets","article_modified_time":"2025-03-19T20:43:42+00:00","og_image":[{"url":"http:\/\/gets.com.co\/wp-content\/uploads\/2024\/04\/desarrollo-de-soluciones-.jpg","type":"","width":"","height":""}],"twitter_card":"summary_large_image","twitter_misc":{"Est. reading time":"2 minutes"},"schema":{"@context":"https:\/\/schema.org","@graph":[{"@type":"WebPage","@id":"https:\/\/gets.com.co\/engl\/portafolio-de-proyectos\/","url":"https:\/\/gets.com.co\/engl\/portafolio-de-proyectos\/","name":"Nuestro Portafolio de Proyectos","isPartOf":{"@id":"https:\/\/gets.com.co\/#website"},"primaryImageOfPage":{"@id":"https:\/\/gets.com.co\/engl\/portafolio-de-proyectos\/#primaryimage"},"image":{"@id":"https:\/\/gets.com.co\/engl\/portafolio-de-proyectos\/#primaryimage"},"thumbnailUrl":"http:\/\/gets.com.co\/wp-content\/uploads\/2024\/04\/desarrollo-de-soluciones-.jpg","datePublished":"2020-02-04T10:17:39+00:00","dateModified":"2025-03-19T20:43:42+00:00","description":"Explora el portafolio de proyectos de Gets Tecnolog\u00eda, donde destacamos nuestras soluciones innovadoras en desarrollo de software, marketing digital y m\u00e1s. Descubre c\u00f3mo hemos ayudado a nuestros clientes a alcanzar sus objetivos y transformar sus ideas en \u00e9xitos tangibles.","breadcrumb":{"@id":"https:\/\/gets.com.co\/engl\/portafolio-de-proyectos\/#breadcrumb"},"inLanguage":"en-US","potentialAction":[{"@type":"ReadAction","target":["https:\/\/gets.com.co\/engl\/portafolio-de-proyectos\/"]}]},{"@type":"ImageObject","inLanguage":"en-US","@id":"https:\/\/gets.com.co\/engl\/portafolio-de-proyectos\/#primaryimage","url":"http:\/\/gets.com.co\/wp-content\/uploads\/2024\/04\/desarrollo-de-soluciones-.jpg","contentUrl":"http:\/\/gets.com.co\/wp-content\/uploads\/2024\/04\/desarrollo-de-soluciones-.jpg"},{"@type":"BreadcrumbList","@id":"https:\/\/gets.com.co\/engl\/portafolio-de-proyectos\/#breadcrumb","itemListElement":[{"@type":"ListItem","position":1,"name":"Home","item":"https:\/\/gets.com.co\/"},{"@type":"ListItem","position":2,"name":"Portafolio de Proyectos"}]},{"@type":"WebSite","@id":"https:\/\/gets.com.co\/#website","url":"https:\/\/gets.com.co\/","name":"Gets Technology","description":"Tu Aliado En Tecnolog\u00eda Y Desarrollo - Toda la tecnolog\u00eda en un Solo Lugar - Cartagena - Medell\u00edn - Colombia - USA","potentialAction":[{"@type":"SearchAction","target":{"@type":"EntryPoint","urlTemplate":"https:\/\/gets.com.co\/?s={search_term_string}"},"query-input":{"@type":"PropertyValueSpecification","valueRequired":true,"valueName":"search_term_string"}}],"inLanguage":"en-US"}]}},"_links":{"self":[{"href":"https:\/\/gets.com.co\/engl\/wp-json\/wp\/v2\/pages\/1866","targetHints":{"allow":["GET"]}}],"collection":[{"href":"https:\/\/gets.com.co\/engl\/wp-json\/wp\/v2\/pages"}],"about":[{"href":"https:\/\/gets.com.co\/engl\/wp-json\/wp\/v2\/types\/page"}],"author":[{"embeddable":true,"href":"https:\/\/gets.com.co\/engl\/wp-json\/wp\/v2\/users\/9"}],"replies":[{"embeddable":true,"href":"https:\/\/gets.com.co\/engl\/wp-json\/wp\/v2\/comments?post=1866"}],"version-history":[{"count":7,"href":"https:\/\/gets.com.co\/engl\/wp-json\/wp\/v2\/pages\/1866\/revisions"}],"predecessor-version":[{"id":7047,"href":"https:\/\/gets.com.co\/engl\/wp-json\/wp\/v2\/pages\/1866\/revisions\/7047"}],"wp:attachment":[{"href":"https:\/\/gets.com.co\/engl\/wp-json\/wp\/v2\/media?parent=1866"}],"curies":[{"name":"wp","href":"https:\/\/api.w.org\/{rel}","templated":true}]}}