{"id":5657,"date":"2023-12-18T09:38:30","date_gmt":"2023-12-18T14:38:30","guid":{"rendered":"https:\/\/gets.com.co\/?page_id=5657"},"modified":"2025-10-31T16:01:25","modified_gmt":"2025-10-31T21:01:25","slug":"mision-y-vision","status":"publish","type":"page","link":"https:\/\/gets.com.co\/engl\/mision-y-vision\/","title":{"rendered":"Mission and Vision"},"content":{"rendered":"<div data-elementor-type=\"wp-page\" data-elementor-id=\"5657\" class=\"elementor elementor-5657\" data-elementor-post-type=\"page\">\n\t\t\t\t<div class=\"elementor-element elementor-element-6883174 e-flex e-con-boxed e-con e-parent\" data-id=\"6883174\" data-element_type=\"container\" data-e-type=\"container\" data-settings=\"{&quot;ekit_has_onepagescroll_dot&quot;:&quot;yes&quot;}\">\n\t\t\t\t\t<div class=\"e-con-inner\">\n\t\t<div class=\"elementor-element elementor-element-a7fd70b e-con-full e-flex e-con e-child\" data-id=\"a7fd70b\" data-element_type=\"container\" data-e-type=\"container\" data-settings=\"{&quot;ekit_has_onepagescroll_dot&quot;:&quot;yes&quot;}\">\n\t\t\t\t<div class=\"elementor-element elementor-element-51be62f elementor-widget elementor-widget-heading\" data-id=\"51be62f\" data-element_type=\"widget\" data-e-type=\"widget\" data-settings=\"{&quot;ekit_we_effect_on&quot;:&quot;none&quot;}\" data-widget_type=\"heading.default\">\n\t\t\t\t<div class=\"elementor-widget-container\">\n\t\t\t\t\t<h2 class=\"elementor-heading-title elementor-size-default\">Mission <\/h2>\t\t\t\t<\/div>\n\t\t\t\t<\/div>\n\t\t\t\t<div class=\"elementor-element elementor-element-1b04ca1 elementor-widget elementor-widget-text-editor\" data-id=\"1b04ca1\" data-element_type=\"widget\" data-e-type=\"widget\" data-settings=\"{&quot;ekit_we_effect_on&quot;:&quot;none&quot;}\" data-widget_type=\"text-editor.default\">\n\t\t\t\t<div class=\"elementor-widget-container\">\n\t\t\t\t\t\t\t\t\t<p>Nuestra misi\u00f3n es brindar soluciones tecnol\u00f3gicas de vanguardia y un soporte integral para impulsar el crecimiento y el \u00e9xito de los negocios de nuestros clientes. Nos comprometemos a ofrecer servicios de alta calidad, respaldados por atenci\u00f3n personalizada, soporte continuo y entregas puntuales. Nos esforzamos por construir relaciones s\u00f3lidas y duraderas con nuestros clientes, basadas en la confianza, la satisfacci\u00f3n y el apoyo mutuo.<\/p>\t\t\t\t\t\t\t\t<\/div>\n\t\t\t\t<\/div>\n\t\t\t\t<\/div>\n\t\t<div class=\"elementor-element elementor-element-1ede7bc e-con-full e-flex e-con e-child\" data-id=\"1ede7bc\" data-element_type=\"container\" data-e-type=\"container\" data-settings=\"{&quot;ekit_has_onepagescroll_dot&quot;:&quot;yes&quot;}\">\n\t\t\t\t<div class=\"elementor-element elementor-element-d576485 elementor-widget elementor-widget-heading\" data-id=\"d576485\" data-element_type=\"widget\" data-e-type=\"widget\" data-settings=\"{&quot;ekit_we_effect_on&quot;:&quot;none&quot;}\" data-widget_type=\"heading.default\">\n\t\t\t\t<div class=\"elementor-widget-container\">\n\t\t\t\t\t<h2 class=\"elementor-heading-title elementor-size-default\">Vision<\/h2>\t\t\t\t<\/div>\n\t\t\t\t<\/div>\n\t\t\t\t<div class=\"elementor-element elementor-element-8b21008 elementor-widget elementor-widget-text-editor\" data-id=\"8b21008\" data-element_type=\"widget\" data-e-type=\"widget\" data-settings=\"{&quot;ekit_we_effect_on&quot;:&quot;none&quot;}\" data-widget_type=\"text-editor.default\">\n\t\t\t\t<div class=\"elementor-widget-container\">\n\t\t\t\t\t\t\t\t\t<p>Ser reconocidos como l\u00edderes en soluciones tecnol\u00f3gicas y servicios de apoyo empresarial, destacando por la calidad de nuestro equipo humano, la eficiencia y el compromiso a largo plazo con nuestros clientes. Aspiramos a ser una agencia web de renombre tanto en Colombia como en Estados Unidos, ofreciendo soluciones innovadoras y precios competitivos.<\/p>\t\t\t\t\t\t\t\t<\/div>\n\t\t\t\t<\/div>\n\t\t\t\t<\/div>\n\t\t\t\t\t<\/div>\n\t\t\t\t<\/div>\n\t\t<div class=\"elementor-element elementor-element-63b6c7d e-flex e-con-boxed e-con e-parent\" data-id=\"63b6c7d\" data-element_type=\"container\" data-e-type=\"container\" data-settings=\"{&quot;ekit_has_onepagescroll_dot&quot;:&quot;yes&quot;}\">\n\t\t\t\t\t<div class=\"e-con-inner\">\n\t\t\t\t<div class=\"elementor-element elementor-element-27ee90f elementor-widget elementor-widget-heading\" data-id=\"27ee90f\" data-element_type=\"widget\" data-e-type=\"widget\" data-settings=\"{&quot;ekit_we_effect_on&quot;:&quot;none&quot;}\" data-widget_type=\"heading.default\">\n\t\t\t\t<div class=\"elementor-widget-container\">\n\t\t\t\t\t<h2 class=\"elementor-heading-title elementor-size-default\">Quality policy<\/h2>\t\t\t\t<\/div>\n\t\t\t\t<\/div>\n\t\t\t\t<div class=\"elementor-element elementor-element-341ce96 elementor-widget elementor-widget-text-editor\" data-id=\"341ce96\" data-element_type=\"widget\" data-e-type=\"widget\" data-settings=\"{&quot;ekit_we_effect_on&quot;:&quot;none&quot;}\" data-widget_type=\"text-editor.default\">\n\t\t\t\t<div class=\"elementor-widget-container\">\n\t\t\t\t\t\t\t\t\t<ol><li><p>Compromiso con la Excelencia: Nos comprometemos a ofrecer soluciones tecnol\u00f3gicas y servicios de apoyo empresarial de la m\u00e1s alta calidad, utilizando m\u00e9todos eficientes y tecnolog\u00eda de punta para optimizar nuestro trabajo.<\/p><p>Atenci\u00f3n al Cliente: Nos esforzamos por brindar atenci\u00f3n personalizada y apoyo continuo a nuestros clientes, para satisfacer sus necesidades y construir relaciones a largo plazo basadas en la confianza y el apoyo mutuo.<\/p><p>Plazos de Entrega: Nos comprometemos a realizar entregas puntuales, cumpliendo con los plazos acordados con nuestros clientes.<\/p><p>Mejora Continua: Buscamos constantemente mejorar nuestros procesos y servicios a trav\u00e9s de la retroalimentaci\u00f3n de los clientes y la actualizaci\u00f3n constante de nuestras habilidades y conocimientos.<\/p><p>Competitiveness: We strive to offer competitive prices in the market, without compromising the quality of our services.<\/p><p>Expansi\u00f3n y Crecimiento: Buscamos expandirnos al mercado estadounidense y continuar creciendo en el mercado colombiano, manteniendo siempre altos est\u00e1ndares de calidad y servicio.<\/p><\/li><\/ol>\t\t\t\t\t\t\t\t<\/div>\n\t\t\t\t<\/div>\n\t\t\t\t\t<\/div>\n\t\t\t\t<\/div>\n\t\t<div class=\"elementor-element elementor-element-e4a1d18 e-flex e-con-boxed e-con e-parent\" data-id=\"e4a1d18\" data-element_type=\"container\" data-e-type=\"container\" data-settings=\"{&quot;ekit_has_onepagescroll_dot&quot;:&quot;yes&quot;}\">\n\t\t\t\t\t<div class=\"e-con-inner\">\n\t\t<div class=\"elementor-element elementor-element-9572ee7 e-flex e-con-boxed e-con e-child\" data-id=\"9572ee7\" data-element_type=\"container\" data-e-type=\"container\" data-settings=\"{&quot;ekit_has_onepagescroll_dot&quot;:&quot;yes&quot;}\">\n\t\t\t\t\t<div class=\"e-con-inner\">\n\t\t\t\t<div class=\"elementor-element elementor-element-10e01d2 elementor-widget elementor-widget-image\" data-id=\"10e01d2\" data-element_type=\"widget\" data-e-type=\"widget\" data-settings=\"{&quot;ekit_we_effect_on&quot;:&quot;none&quot;}\" data-widget_type=\"image.default\">\n\t\t\t\t<div class=\"elementor-widget-container\">\n\t\t\t\t\t\t\t\t\t\t\t\t\t\t\t\t<a href=\"https:\/\/wa.me\/573242076281?text=%C2%A1Hola!%20%F0%9F%91%8B%20Estoy%20muy%20interesado%20en%20conocer%20m%C3%A1s%20sobre%20sus%20servicios%20de%20sitio%20web,%20marketing,%20apps,%20dise%C3%B1o%20y%20ingenier%C3%ADa%20de%20software.%20%F0%9F%92%BB%F0%9F%93%B1%F0%9F%8E%A8%F0%9F%9B%A0%20Vi%20su%20sitio%20web%20y%20me%20gustar%C3%ADa%20obtener%20m%C3%A1s%20informaci%C3%B3n.%20%C2%BFPodemos%20hablar%20sobre%20ello?\" target=\"_blank\">\n\t\t\t\t\t\t\t<img decoding=\"async\" src=\"http:\/\/gets.com.co\/wp-content\/uploads\/2019\/11\/cotiza-aqui.jpg\" title=\"\" alt=\"\" loading=\"lazy\" \/>\t\t\t\t\t\t\t\t<\/a>\n\t\t\t\t\t\t\t\t\t\t\t\t\t\t\t<\/div>\n\t\t\t\t<\/div>\n\t\t\t\t\t<\/div>\n\t\t\t\t<\/div>\n\t\t\t\t\t<\/div>\n\t\t\t\t<\/div>\n\t\t\t\t<\/div>","protected":false},"excerpt":{"rendered":"<p>Mission Nuestra misi\u00f3n es brindar soluciones tecnol\u00f3gicas de vanguardia y un soporte integral para impulsar el crecimiento y el \u00e9xito de los negocios de nuestros clientes. Nos comprometemos a ofrecer servicios de alta calidad, respaldados por atenci\u00f3n personalizada, soporte continuo y entregas puntuales. Nos esforzamos por construir relaciones s\u00f3lidas y duraderas con nuestros clientes, basadas [&hellip;]<\/p>","protected":false},"author":9,"featured_media":0,"parent":0,"menu_order":0,"comment_status":"closed","ping_status":"closed","template":"","meta":{"_mbp_gutenberg_autopost":false,"footnotes":""},"class_list":["post-5657","page","type-page","status-publish","hentry"],"yoast_head":"<!-- This site is optimized with the Yoast SEO plugin v26.1.1 - https:\/\/yoast.com\/wordpress\/plugins\/seo\/ -->\n<title>Misi\u00f3n y Visi\u00f3n<\/title>\n<meta name=\"description\" content=\"Conoce la Misi\u00f3n y Visi\u00f3n de Gets Tecnolog\u00eda. Nuestro compromiso es ofrecer soluciones tecnol\u00f3gicas innovadoras que transformen ideas en realidades.\" \/>\n<meta name=\"robots\" content=\"index, follow, max-snippet:-1, max-image-preview:large, max-video-preview:-1\" \/>\n<link rel=\"canonical\" href=\"https:\/\/gets.com.co\/engl\/mision-y-vision\/\" \/>\n<meta property=\"og:locale\" content=\"en_US\" \/>\n<meta property=\"og:type\" content=\"article\" \/>\n<meta property=\"og:title\" content=\"Misi\u00f3n y Visi\u00f3n\" \/>\n<meta property=\"og:description\" content=\"Conoce la Misi\u00f3n y Visi\u00f3n de Gets Tecnolog\u00eda. Nuestro compromiso es ofrecer soluciones tecnol\u00f3gicas innovadoras que transformen ideas en realidades.\" \/>\n<meta property=\"og:url\" content=\"https:\/\/gets.com.co\/engl\/mision-y-vision\/\" \/>\n<meta property=\"og:site_name\" content=\"Gets Tecnolog\u00eda\" \/>\n<meta property=\"article:publisher\" content=\"https:\/\/www.facebook.com\/tecnologiagets\" \/>\n<meta property=\"article:modified_time\" content=\"2025-10-31T21:01:25+00:00\" \/>\n<meta property=\"og:image\" content=\"http:\/\/gets.com.co\/wp-content\/uploads\/2019\/11\/cotiza-aqui.jpg\" \/>\n<meta name=\"twitter:card\" content=\"summary_large_image\" \/>\n<meta name=\"twitter:label1\" content=\"Est. reading time\" \/>\n\t<meta name=\"twitter:data1\" content=\"2 minutes\" \/>\n<script type=\"application\/ld+json\" class=\"yoast-schema-graph\">{\"@context\":\"https:\/\/schema.org\",\"@graph\":[{\"@type\":\"WebPage\",\"@id\":\"https:\/\/gets.com.co\/mision-y-vision\/\",\"url\":\"https:\/\/gets.com.co\/mision-y-vision\/\",\"name\":\"Misi\u00f3n y Visi\u00f3n\",\"isPartOf\":{\"@id\":\"https:\/\/gets.com.co\/#website\"},\"primaryImageOfPage\":{\"@id\":\"https:\/\/gets.com.co\/mision-y-vision\/#primaryimage\"},\"image\":{\"@id\":\"https:\/\/gets.com.co\/mision-y-vision\/#primaryimage\"},\"thumbnailUrl\":\"http:\/\/gets.com.co\/wp-content\/uploads\/2019\/11\/cotiza-aqui.jpg\",\"datePublished\":\"2023-12-18T14:38:30+00:00\",\"dateModified\":\"2025-10-31T21:01:25+00:00\",\"description\":\"Conoce la Misi\u00f3n y Visi\u00f3n de Gets Tecnolog\u00eda. Nuestro compromiso es ofrecer soluciones tecnol\u00f3gicas innovadoras que transformen ideas en realidades.\",\"breadcrumb\":{\"@id\":\"https:\/\/gets.com.co\/mision-y-vision\/#breadcrumb\"},\"inLanguage\":\"en-US\",\"potentialAction\":[{\"@type\":\"ReadAction\",\"target\":[\"https:\/\/gets.com.co\/mision-y-vision\/\"]}]},{\"@type\":\"ImageObject\",\"inLanguage\":\"en-US\",\"@id\":\"https:\/\/gets.com.co\/mision-y-vision\/#primaryimage\",\"url\":\"http:\/\/gets.com.co\/wp-content\/uploads\/2019\/11\/cotiza-aqui.jpg\",\"contentUrl\":\"http:\/\/gets.com.co\/wp-content\/uploads\/2019\/11\/cotiza-aqui.jpg\"},{\"@type\":\"BreadcrumbList\",\"@id\":\"https:\/\/gets.com.co\/mision-y-vision\/#breadcrumb\",\"itemListElement\":[{\"@type\":\"ListItem\",\"position\":1,\"name\":\"Home\",\"item\":\"https:\/\/gets.com.co\/\"},{\"@type\":\"ListItem\",\"position\":2,\"name\":\"Misi\u00f3n y Visi\u00f3n\"}]},{\"@type\":\"WebSite\",\"@id\":\"https:\/\/gets.com.co\/#website\",\"url\":\"https:\/\/gets.com.co\/\",\"name\":\"Gets Tecnolog\u00eda\",\"description\":\"Tu Aliado En Tecnolog\u00eda Y Desarrollo - Toda la tecnolog\u00eda en un Solo Lugar - Cartagena - Medell\u00edn - Colombia - USA\",\"potentialAction\":[{\"@type\":\"SearchAction\",\"target\":{\"@type\":\"EntryPoint\",\"urlTemplate\":\"https:\/\/gets.com.co\/?s={search_term_string}\"},\"query-input\":{\"@type\":\"PropertyValueSpecification\",\"valueRequired\":true,\"valueName\":\"search_term_string\"}}],\"inLanguage\":\"en-US\"}]}<\/script>\n<!-- \/ Yoast SEO plugin. -->","yoast_head_json":{"title":"Mission and Vision","description":"Conoce la Misi\u00f3n y Visi\u00f3n de Gets Tecnolog\u00eda. Nuestro compromiso es ofrecer soluciones tecnol\u00f3gicas innovadoras que transformen ideas en realidades.","robots":{"index":"index","follow":"follow","max-snippet":"max-snippet:-1","max-image-preview":"max-image-preview:large","max-video-preview":"max-video-preview:-1"},"canonical":"https:\/\/gets.com.co\/engl\/mision-y-vision\/","og_locale":"en_US","og_type":"article","og_title":"Misi\u00f3n y Visi\u00f3n","og_description":"Conoce la Misi\u00f3n y Visi\u00f3n de Gets Tecnolog\u00eda. Nuestro compromiso es ofrecer soluciones tecnol\u00f3gicas innovadoras que transformen ideas en realidades.","og_url":"https:\/\/gets.com.co\/engl\/mision-y-vision\/","og_site_name":"Gets Tecnolog\u00eda","article_publisher":"https:\/\/www.facebook.com\/tecnologiagets","article_modified_time":"2025-10-31T21:01:25+00:00","og_image":[{"url":"http:\/\/gets.com.co\/wp-content\/uploads\/2019\/11\/cotiza-aqui.jpg","type":"","width":"","height":""}],"twitter_card":"summary_large_image","twitter_misc":{"Est. reading time":"2 minutes"},"schema":{"@context":"https:\/\/schema.org","@graph":[{"@type":"WebPage","@id":"https:\/\/gets.com.co\/mision-y-vision\/","url":"https:\/\/gets.com.co\/mision-y-vision\/","name":"Mission and Vision","isPartOf":{"@id":"https:\/\/gets.com.co\/#website"},"primaryImageOfPage":{"@id":"https:\/\/gets.com.co\/mision-y-vision\/#primaryimage"},"image":{"@id":"https:\/\/gets.com.co\/mision-y-vision\/#primaryimage"},"thumbnailUrl":"http:\/\/gets.com.co\/wp-content\/uploads\/2019\/11\/cotiza-aqui.jpg","datePublished":"2023-12-18T14:38:30+00:00","dateModified":"2025-10-31T21:01:25+00:00","description":"Conoce la Misi\u00f3n y Visi\u00f3n de Gets Tecnolog\u00eda. Nuestro compromiso es ofrecer soluciones tecnol\u00f3gicas innovadoras que transformen ideas en realidades.","breadcrumb":{"@id":"https:\/\/gets.com.co\/mision-y-vision\/#breadcrumb"},"inLanguage":"en-US","potentialAction":[{"@type":"ReadAction","target":["https:\/\/gets.com.co\/mision-y-vision\/"]}]},{"@type":"ImageObject","inLanguage":"en-US","@id":"https:\/\/gets.com.co\/mision-y-vision\/#primaryimage","url":"http:\/\/gets.com.co\/wp-content\/uploads\/2019\/11\/cotiza-aqui.jpg","contentUrl":"http:\/\/gets.com.co\/wp-content\/uploads\/2019\/11\/cotiza-aqui.jpg"},{"@type":"BreadcrumbList","@id":"https:\/\/gets.com.co\/mision-y-vision\/#breadcrumb","itemListElement":[{"@type":"ListItem","position":1,"name":"Home","item":"https:\/\/gets.com.co\/"},{"@type":"ListItem","position":2,"name":"Misi\u00f3n y Visi\u00f3n"}]},{"@type":"WebSite","@id":"https:\/\/gets.com.co\/#website","url":"https:\/\/gets.com.co\/","name":"Gets Technology","description":"Tu Aliado En Tecnolog\u00eda Y Desarrollo - Toda la tecnolog\u00eda en un Solo Lugar - Cartagena - Medell\u00edn - Colombia - USA","potentialAction":[{"@type":"SearchAction","target":{"@type":"EntryPoint","urlTemplate":"https:\/\/gets.com.co\/?s={search_term_string}"},"query-input":{"@type":"PropertyValueSpecification","valueRequired":true,"valueName":"search_term_string"}}],"inLanguage":"en-US"}]}},"_links":{"self":[{"href":"https:\/\/gets.com.co\/engl\/wp-json\/wp\/v2\/pages\/5657","targetHints":{"allow":["GET"]}}],"collection":[{"href":"https:\/\/gets.com.co\/engl\/wp-json\/wp\/v2\/pages"}],"about":[{"href":"https:\/\/gets.com.co\/engl\/wp-json\/wp\/v2\/types\/page"}],"author":[{"embeddable":true,"href":"https:\/\/gets.com.co\/engl\/wp-json\/wp\/v2\/users\/9"}],"replies":[{"embeddable":true,"href":"https:\/\/gets.com.co\/engl\/wp-json\/wp\/v2\/comments?post=5657"}],"version-history":[{"count":25,"href":"https:\/\/gets.com.co\/engl\/wp-json\/wp\/v2\/pages\/5657\/revisions"}],"predecessor-version":[{"id":8239,"href":"https:\/\/gets.com.co\/engl\/wp-json\/wp\/v2\/pages\/5657\/revisions\/8239"}],"wp:attachment":[{"href":"https:\/\/gets.com.co\/engl\/wp-json\/wp\/v2\/media?parent=5657"}],"curies":[{"name":"wp","href":"https:\/\/api.w.org\/{rel}","templated":true}]}}