{"id":7150,"date":"2024-04-29T17:53:10","date_gmt":"2024-04-29T22:53:10","guid":{"rendered":"https:\/\/gets.com.co\/?page_id=7150"},"modified":"2024-04-29T17:58:39","modified_gmt":"2024-04-29T22:58:39","slug":"gracias-por-su-transaccion","status":"publish","type":"page","link":"https:\/\/gets.com.co\/engl\/gracias-por-su-transaccion\/","title":{"rendered":"Gracias por su Transacci\u00f3n."},"content":{"rendered":"<div data-elementor-type=\"wp-page\" data-elementor-id=\"7150\" class=\"elementor elementor-7150\" data-elementor-post-type=\"page\">\n\t\t\t\t<div class=\"elementor-element elementor-element-a1b597b e-flex e-con-boxed e-con e-parent\" data-id=\"a1b597b\" data-element_type=\"container\" data-e-type=\"container\" data-settings=\"{&quot;ekit_has_onepagescroll_dot&quot;:&quot;yes&quot;}\">\n\t\t\t\t\t<div class=\"e-con-inner\">\n\t\t<div class=\"elementor-element elementor-element-3d41185 e-con-full e-flex e-con e-child\" data-id=\"3d41185\" data-element_type=\"container\" data-e-type=\"container\" data-settings=\"{&quot;ekit_has_onepagescroll_dot&quot;:&quot;yes&quot;}\">\n\t\t\t\t<div class=\"elementor-element elementor-element-f65d71d elementor-widget elementor-widget-heading\" data-id=\"f65d71d\" data-element_type=\"widget\" data-e-type=\"widget\" data-settings=\"{&quot;ekit_we_effect_on&quot;:&quot;none&quot;}\" data-widget_type=\"heading.default\">\n\t\t\t\t<div class=\"elementor-widget-container\">\n\t\t\t\t\t<h2 class=\"elementor-heading-title elementor-size-default\">\u00a1Estamos muy emocionados con su transacci\u00f3n! \ud83d\ude0a\ud83c\udf89<\/h2>\t\t\t\t<\/div>\n\t\t\t\t<\/div>\n\t\t\t\t<div class=\"elementor-element elementor-element-8d51056 elementor-widget elementor-widget-text-editor\" data-id=\"8d51056\" data-element_type=\"widget\" data-e-type=\"widget\" data-settings=\"{&quot;ekit_we_effect_on&quot;:&quot;none&quot;}\" data-widget_type=\"text-editor.default\">\n\t\t\t\t<div class=\"elementor-widget-container\">\n\t\t\t\t\t\t\t\t\t<p>Por favor, verifique su email, donde le enviaremos detalles sobre el estado de su transacci\u00f3n. Si recibe un mensaje de transacci\u00f3n exitosa, \u00a1todo est\u00e1 perfecto! \ud83d\ude80 Si, por el contrario, recibe un mensaje de transacci\u00f3n fallida, por favor intente de nuevo o comun\u00edquese con nosotros a trav\u00e9s de los datos en gets.com.co \ud83d\udcde\ud83d\udcbb.&#8221;<\/p>\t\t\t\t\t\t\t\t<\/div>\n\t\t\t\t<\/div>\n\t\t\t\t<\/div>\n\t\t<div class=\"elementor-element elementor-element-6c1be7e e-con-full e-flex e-con e-child\" data-id=\"6c1be7e\" data-element_type=\"container\" data-e-type=\"container\" data-settings=\"{&quot;ekit_has_onepagescroll_dot&quot;:&quot;yes&quot;}\">\n\t\t\t\t<div class=\"elementor-element elementor-element-251b141 elementor-widget elementor-widget-image\" data-id=\"251b141\" data-element_type=\"widget\" data-e-type=\"widget\" data-settings=\"{&quot;ekit_we_effect_on&quot;:&quot;none&quot;}\" data-widget_type=\"image.default\">\n\t\t\t\t<div class=\"elementor-widget-container\">\n\t\t\t\t\t\t\t\t\t\t\t\t\t\t\t<img fetchpriority=\"high\" decoding=\"async\" width=\"1024\" height=\"1024\" src=\"https:\/\/gets.com.co\/wp-content\/uploads\/2024\/04\/Gets.jpg\" class=\"attachment-large size-large wp-image-6924\" alt=\"\" \/>\t\t\t\t\t\t\t\t\t\t\t\t\t\t\t<\/div>\n\t\t\t\t<\/div>\n\t\t\t\t<\/div>\n\t\t\t\t\t<\/div>\n\t\t\t\t<\/div>\n\t\t\t\t<\/div>","protected":false},"excerpt":{"rendered":"<p>\u00a1Estamos muy emocionados con su transacci\u00f3n! \ud83d\ude0a\ud83c\udf89 Por favor, verifique su email, donde le enviaremos detalles sobre el estado de su transacci\u00f3n. Si recibe un mensaje de transacci\u00f3n exitosa, \u00a1todo est\u00e1 perfecto! \ud83d\ude80 Si, por el contrario, recibe un mensaje de transacci\u00f3n fallida, por favor intente de nuevo o comun\u00edquese con nosotros a trav\u00e9s de [&hellip;]<\/p>","protected":false},"author":8,"featured_media":0,"parent":0,"menu_order":0,"comment_status":"closed","ping_status":"closed","template":"","meta":{"_mbp_gutenberg_autopost":false,"footnotes":""},"class_list":["post-7150","page","type-page","status-publish","hentry"],"yoast_head":"<!-- This site is optimized with the Yoast SEO plugin v27.4 - https:\/\/yoast.com\/product\/yoast-seo-wordpress\/ -->\n<title>Gracias por su Transacci\u00f3n. - Gets Tecnolog\u00eda<\/title>\n<meta name=\"robots\" content=\"index, follow, max-snippet:-1, max-image-preview:large, max-video-preview:-1\" \/>\n<link rel=\"canonical\" href=\"https:\/\/gets.com.co\/engl\/gracias-por-su-transaccion\/\" \/>\n<meta property=\"og:locale\" content=\"en_US\" \/>\n<meta property=\"og:type\" content=\"article\" \/>\n<meta property=\"og:title\" content=\"Gracias por su Transacci\u00f3n. - Gets Tecnolog\u00eda\" \/>\n<meta property=\"og:description\" content=\"\u00a1Estamos muy emocionados con su transacci\u00f3n! \ud83d\ude0a\ud83c\udf89 Por favor, verifique su email, donde le enviaremos detalles sobre el estado de su transacci\u00f3n. Si recibe un mensaje de transacci\u00f3n exitosa, \u00a1todo est\u00e1 perfecto! \ud83d\ude80 Si, por el contrario, recibe un mensaje de transacci\u00f3n fallida, por favor intente de nuevo o comun\u00edquese con nosotros a trav\u00e9s de [&hellip;]\" \/>\n<meta property=\"og:url\" content=\"https:\/\/gets.com.co\/engl\/gracias-por-su-transaccion\/\" \/>\n<meta property=\"og:site_name\" content=\"Gets Tecnolog\u00eda\" \/>\n<meta property=\"article:publisher\" content=\"https:\/\/www.facebook.com\/tecnologiagets\" \/>\n<meta property=\"article:modified_time\" content=\"2024-04-29T22:58:39+00:00\" \/>\n<meta property=\"og:image\" content=\"http:\/\/gets.com.co\/wp-content\/uploads\/2024\/04\/Gets.jpg\" \/>\n<meta name=\"twitter:card\" content=\"summary_large_image\" \/>\n<script type=\"application\/ld+json\" class=\"yoast-schema-graph\">{\"@context\":\"https:\\\/\\\/schema.org\",\"@graph\":[{\"@type\":\"WebPage\",\"@id\":\"https:\\\/\\\/gets.com.co\\\/gracias-por-su-transaccion\\\/\",\"url\":\"https:\\\/\\\/gets.com.co\\\/gracias-por-su-transaccion\\\/\",\"name\":\"Gracias por su Transacci\u00f3n. - Gets Tecnolog\u00eda\",\"isPartOf\":{\"@id\":\"https:\\\/\\\/gets.com.co\\\/#website\"},\"primaryImageOfPage\":{\"@id\":\"https:\\\/\\\/gets.com.co\\\/gracias-por-su-transaccion\\\/#primaryimage\"},\"image\":{\"@id\":\"https:\\\/\\\/gets.com.co\\\/gracias-por-su-transaccion\\\/#primaryimage\"},\"thumbnailUrl\":\"http:\\\/\\\/gets.com.co\\\/wp-content\\\/uploads\\\/2024\\\/04\\\/Gets.jpg\",\"datePublished\":\"2024-04-29T22:53:10+00:00\",\"dateModified\":\"2024-04-29T22:58:39+00:00\",\"breadcrumb\":{\"@id\":\"https:\\\/\\\/gets.com.co\\\/gracias-por-su-transaccion\\\/#breadcrumb\"},\"inLanguage\":\"en-US\",\"potentialAction\":[{\"@type\":\"ReadAction\",\"target\":[\"https:\\\/\\\/gets.com.co\\\/gracias-por-su-transaccion\\\/\"]}]},{\"@type\":\"ImageObject\",\"inLanguage\":\"en-US\",\"@id\":\"https:\\\/\\\/gets.com.co\\\/gracias-por-su-transaccion\\\/#primaryimage\",\"url\":\"http:\\\/\\\/gets.com.co\\\/wp-content\\\/uploads\\\/2024\\\/04\\\/Gets.jpg\",\"contentUrl\":\"http:\\\/\\\/gets.com.co\\\/wp-content\\\/uploads\\\/2024\\\/04\\\/Gets.jpg\"},{\"@type\":\"BreadcrumbList\",\"@id\":\"https:\\\/\\\/gets.com.co\\\/gracias-por-su-transaccion\\\/#breadcrumb\",\"itemListElement\":[{\"@type\":\"ListItem\",\"position\":1,\"name\":\"Inicio\",\"item\":\"https:\\\/\\\/gets.com.co\\\/\"},{\"@type\":\"ListItem\",\"position\":2,\"name\":\"Gracias por su Transacci\u00f3n.\"}]},{\"@type\":\"WebSite\",\"@id\":\"https:\\\/\\\/gets.com.co\\\/#website\",\"url\":\"https:\\\/\\\/gets.com.co\\\/\",\"name\":\"Gets Tecnolog\u00eda\",\"description\":\"Tu Aliado En Tecnolog\u00eda Y Desarrollo - Toda la tecnolog\u00eda en un Solo Lugar - Cartagena - Medell\u00edn - Colombia - USA\",\"potentialAction\":[{\"@type\":\"SearchAction\",\"target\":{\"@type\":\"EntryPoint\",\"urlTemplate\":\"https:\\\/\\\/gets.com.co\\\/?s={search_term_string}\"},\"query-input\":{\"@type\":\"PropertyValueSpecification\",\"valueRequired\":true,\"valueName\":\"search_term_string\"}}],\"inLanguage\":\"en-US\"}]}<\/script>\n<!-- \/ Yoast SEO plugin. -->","yoast_head_json":{"title":"Gracias por su Transacci\u00f3n. - Gets Tecnolog\u00eda","robots":{"index":"index","follow":"follow","max-snippet":"max-snippet:-1","max-image-preview":"max-image-preview:large","max-video-preview":"max-video-preview:-1"},"canonical":"https:\/\/gets.com.co\/engl\/gracias-por-su-transaccion\/","og_locale":"en_US","og_type":"article","og_title":"Gracias por su Transacci\u00f3n. - Gets Tecnolog\u00eda","og_description":"\u00a1Estamos muy emocionados con su transacci\u00f3n! \ud83d\ude0a\ud83c\udf89 Por favor, verifique su email, donde le enviaremos detalles sobre el estado de su transacci\u00f3n. Si recibe un mensaje de transacci\u00f3n exitosa, \u00a1todo est\u00e1 perfecto! \ud83d\ude80 Si, por el contrario, recibe un mensaje de transacci\u00f3n fallida, por favor intente de nuevo o comun\u00edquese con nosotros a trav\u00e9s de [&hellip;]","og_url":"https:\/\/gets.com.co\/engl\/gracias-por-su-transaccion\/","og_site_name":"Gets Tecnolog\u00eda","article_publisher":"https:\/\/www.facebook.com\/tecnologiagets","article_modified_time":"2024-04-29T22:58:39+00:00","og_image":[{"url":"http:\/\/gets.com.co\/wp-content\/uploads\/2024\/04\/Gets.jpg","type":"","width":"","height":""}],"twitter_card":"summary_large_image","schema":{"@context":"https:\/\/schema.org","@graph":[{"@type":"WebPage","@id":"https:\/\/gets.com.co\/gracias-por-su-transaccion\/","url":"https:\/\/gets.com.co\/gracias-por-su-transaccion\/","name":"Gracias por su Transacci\u00f3n. - Gets Tecnolog\u00eda","isPartOf":{"@id":"https:\/\/gets.com.co\/#website"},"primaryImageOfPage":{"@id":"https:\/\/gets.com.co\/gracias-por-su-transaccion\/#primaryimage"},"image":{"@id":"https:\/\/gets.com.co\/gracias-por-su-transaccion\/#primaryimage"},"thumbnailUrl":"http:\/\/gets.com.co\/wp-content\/uploads\/2024\/04\/Gets.jpg","datePublished":"2024-04-29T22:53:10+00:00","dateModified":"2024-04-29T22:58:39+00:00","breadcrumb":{"@id":"https:\/\/gets.com.co\/gracias-por-su-transaccion\/#breadcrumb"},"inLanguage":"en-US","potentialAction":[{"@type":"ReadAction","target":["https:\/\/gets.com.co\/gracias-por-su-transaccion\/"]}]},{"@type":"ImageObject","inLanguage":"en-US","@id":"https:\/\/gets.com.co\/gracias-por-su-transaccion\/#primaryimage","url":"http:\/\/gets.com.co\/wp-content\/uploads\/2024\/04\/Gets.jpg","contentUrl":"http:\/\/gets.com.co\/wp-content\/uploads\/2024\/04\/Gets.jpg"},{"@type":"BreadcrumbList","@id":"https:\/\/gets.com.co\/gracias-por-su-transaccion\/#breadcrumb","itemListElement":[{"@type":"ListItem","position":1,"name":"Inicio","item":"https:\/\/gets.com.co\/"},{"@type":"ListItem","position":2,"name":"Gracias por su Transacci\u00f3n."}]},{"@type":"WebSite","@id":"https:\/\/gets.com.co\/#website","url":"https:\/\/gets.com.co\/","name":"Gets Technology","description":"Tu Aliado En Tecnolog\u00eda Y Desarrollo - Toda la tecnolog\u00eda en un Solo Lugar - Cartagena - Medell\u00edn - Colombia - USA","potentialAction":[{"@type":"SearchAction","target":{"@type":"EntryPoint","urlTemplate":"https:\/\/gets.com.co\/?s={search_term_string}"},"query-input":{"@type":"PropertyValueSpecification","valueRequired":true,"valueName":"search_term_string"}}],"inLanguage":"en-US"}]}},"_hostinger_reach_plugin_has_subscription_block":false,"_hostinger_reach_plugin_is_elementor":false,"_links":{"self":[{"href":"https:\/\/gets.com.co\/engl\/wp-json\/wp\/v2\/pages\/7150","targetHints":{"allow":["GET"]}}],"collection":[{"href":"https:\/\/gets.com.co\/engl\/wp-json\/wp\/v2\/pages"}],"about":[{"href":"https:\/\/gets.com.co\/engl\/wp-json\/wp\/v2\/types\/page"}],"author":[{"embeddable":true,"href":"https:\/\/gets.com.co\/engl\/wp-json\/wp\/v2\/users\/8"}],"replies":[{"embeddable":true,"href":"https:\/\/gets.com.co\/engl\/wp-json\/wp\/v2\/comments?post=7150"}],"version-history":[{"count":4,"href":"https:\/\/gets.com.co\/engl\/wp-json\/wp\/v2\/pages\/7150\/revisions"}],"predecessor-version":[{"id":7154,"href":"https:\/\/gets.com.co\/engl\/wp-json\/wp\/v2\/pages\/7150\/revisions\/7154"}],"wp:attachment":[{"href":"https:\/\/gets.com.co\/engl\/wp-json\/wp\/v2\/media?parent=7150"}],"curies":[{"name":"wp","href":"https:\/\/api.w.org\/{rel}","templated":true}]}}