{"id":7328,"date":"2024-05-05T08:48:56","date_gmt":"2024-05-05T13:48:56","guid":{"rendered":"https:\/\/gets.com.co\/?page_id=7328"},"modified":"2024-05-05T08:58:53","modified_gmt":"2024-05-05T13:58:53","slug":"planes-pagina-web","status":"publish","type":"page","link":"https:\/\/gets.com.co\/engl\/planes-pagina-web\/","title":{"rendered":"Planes-Pagina-Web"},"content":{"rendered":"<div data-elementor-type=\"wp-page\" data-elementor-id=\"7328\" class=\"elementor elementor-7328\" data-elementor-post-type=\"page\">\n\t\t\t\t<div class=\"elementor-element elementor-element-5052c67 e-con-full e-flex e-con e-parent\" data-id=\"5052c67\" data-element_type=\"container\" data-e-type=\"container\" data-settings=\"{&quot;ekit_has_onepagescroll_dot&quot;:&quot;yes&quot;}\">\n\t\t\t\t<div class=\"elementor-element elementor-element-46ce6fe elementor--h-position-center elementor--v-position-middle elementor-arrows-position-inside elementor-pagination-position-inside elementor-widget elementor-widget-slides\" data-id=\"46ce6fe\" data-element_type=\"widget\" data-e-type=\"widget\" data-settings=\"{&quot;navigation&quot;:&quot;both&quot;,&quot;autoplay&quot;:&quot;yes&quot;,&quot;pause_on_hover&quot;:&quot;yes&quot;,&quot;pause_on_interaction&quot;:&quot;yes&quot;,&quot;autoplay_speed&quot;:5000,&quot;infinite&quot;:&quot;yes&quot;,&quot;transition&quot;:&quot;slide&quot;,&quot;transition_speed&quot;:500,&quot;ekit_we_effect_on&quot;:&quot;none&quot;}\" data-widget_type=\"slides.default\">\n\t\t\t\t<div class=\"elementor-widget-container\">\n\t\t\t\t\t\t\t<div class=\"elementor-swiper\">\n\t\t\t<div class=\"elementor-slides-wrapper elementor-main-swiper swiper-container\" dir=\"ltr\" data-animation=\"fadeInUp\">\n\t\t\t\t<div class=\"swiper-wrapper elementor-slides\">\n\t\t\t\t\t\t\t\t\t\t<div class=\"elementor-repeater-item-7d416eb swiper-slide\"><div class=\"swiper-slide-bg\" role=\"img\"><\/div><div class=\"swiper-slide-inner\" ><div class=\"swiper-slide-contents\"><\/div><\/div><\/div>\t\t\t\t<\/div>\n\t\t\t\t\t\t\t<\/div>\n\t\t<\/div>\n\t\t\t\t\t\t<\/div>\n\t\t\t\t<\/div>\n\t\t\t\t<\/div>\n\t\t<div class=\"elementor-element elementor-element-0f7516e e-grid e-con-boxed e-con e-parent\" data-id=\"0f7516e\" data-element_type=\"container\" data-e-type=\"container\" data-settings=\"{&quot;ekit_has_onepagescroll_dot&quot;:&quot;yes&quot;}\">\n\t\t\t\t\t<div class=\"e-con-inner\">\n\t\t\t\t<div class=\"elementor-element elementor-element-b7a9610 elementor-widget elementor-widget-image\" data-id=\"b7a9610\" data-element_type=\"widget\" data-e-type=\"widget\" data-settings=\"{&quot;ekit_we_effect_on&quot;:&quot;none&quot;}\" data-widget_type=\"image.default\">\n\t\t\t\t<div class=\"elementor-widget-container\">\n\t\t\t\t\t\t\t\t\t\t\t\t\t\t\t<img decoding=\"async\" src=\"http:\/\/gets.com.co\/wp-content\/uploads\/2024\/05\/img4.jpg\" title=\"\" alt=\"\" loading=\"lazy\" \/>\t\t\t\t\t\t\t\t\t\t\t\t\t\t\t<\/div>\n\t\t\t\t<\/div>\n\t\t\t\t\t<\/div>\n\t\t\t\t<\/div>\n\t\t\t\t<\/div>","protected":false},"excerpt":{"rendered":"","protected":false},"author":8,"featured_media":0,"parent":0,"menu_order":0,"comment_status":"closed","ping_status":"closed","template":"","meta":{"_mbp_gutenberg_autopost":false,"footnotes":""},"class_list":["post-7328","page","type-page","status-publish","hentry"],"yoast_head":"<!-- This site is optimized with the Yoast SEO plugin v26.1.1 - https:\/\/yoast.com\/wordpress\/plugins\/seo\/ -->\n<title>Planes-Pagina-Web - Gets Tecnolog\u00eda<\/title>\n<meta name=\"robots\" content=\"index, follow, max-snippet:-1, max-image-preview:large, max-video-preview:-1\" \/>\n<link rel=\"canonical\" href=\"https:\/\/gets.com.co\/engl\/planes-pagina-web\/\" \/>\n<meta property=\"og:locale\" content=\"en_US\" \/>\n<meta property=\"og:type\" content=\"article\" \/>\n<meta property=\"og:title\" content=\"Planes-Pagina-Web - Gets Tecnolog\u00eda\" \/>\n<meta property=\"og:url\" content=\"https:\/\/gets.com.co\/engl\/planes-pagina-web\/\" \/>\n<meta property=\"og:site_name\" content=\"Gets Tecnolog\u00eda\" \/>\n<meta property=\"article:publisher\" content=\"https:\/\/www.facebook.com\/tecnologiagets\" \/>\n<meta property=\"article:modified_time\" content=\"2024-05-05T13:58:53+00:00\" \/>\n<meta property=\"og:image\" content=\"http:\/\/gets.com.co\/wp-content\/uploads\/2024\/05\/img4.jpg\" \/>\n<meta name=\"twitter:card\" content=\"summary_large_image\" \/>\n<script type=\"application\/ld+json\" class=\"yoast-schema-graph\">{\"@context\":\"https:\/\/schema.org\",\"@graph\":[{\"@type\":\"WebPage\",\"@id\":\"https:\/\/gets.com.co\/planes-pagina-web\/\",\"url\":\"https:\/\/gets.com.co\/planes-pagina-web\/\",\"name\":\"Planes-Pagina-Web - Gets Tecnolog\u00eda\",\"isPartOf\":{\"@id\":\"https:\/\/gets.com.co\/#website\"},\"primaryImageOfPage\":{\"@id\":\"https:\/\/gets.com.co\/planes-pagina-web\/#primaryimage\"},\"image\":{\"@id\":\"https:\/\/gets.com.co\/planes-pagina-web\/#primaryimage\"},\"thumbnailUrl\":\"http:\/\/gets.com.co\/wp-content\/uploads\/2024\/05\/img4.jpg\",\"datePublished\":\"2024-05-05T13:48:56+00:00\",\"dateModified\":\"2024-05-05T13:58:53+00:00\",\"breadcrumb\":{\"@id\":\"https:\/\/gets.com.co\/planes-pagina-web\/#breadcrumb\"},\"inLanguage\":\"en-US\",\"potentialAction\":[{\"@type\":\"ReadAction\",\"target\":[\"https:\/\/gets.com.co\/planes-pagina-web\/\"]}]},{\"@type\":\"ImageObject\",\"inLanguage\":\"en-US\",\"@id\":\"https:\/\/gets.com.co\/planes-pagina-web\/#primaryimage\",\"url\":\"http:\/\/gets.com.co\/wp-content\/uploads\/2024\/05\/img4.jpg\",\"contentUrl\":\"http:\/\/gets.com.co\/wp-content\/uploads\/2024\/05\/img4.jpg\"},{\"@type\":\"BreadcrumbList\",\"@id\":\"https:\/\/gets.com.co\/planes-pagina-web\/#breadcrumb\",\"itemListElement\":[{\"@type\":\"ListItem\",\"position\":1,\"name\":\"Home\",\"item\":\"https:\/\/gets.com.co\/\"},{\"@type\":\"ListItem\",\"position\":2,\"name\":\"Planes-Pagina-Web\"}]},{\"@type\":\"WebSite\",\"@id\":\"https:\/\/gets.com.co\/#website\",\"url\":\"https:\/\/gets.com.co\/\",\"name\":\"Gets Tecnolog\u00eda\",\"description\":\"Tu Aliado En Tecnolog\u00eda Y Desarrollo - Toda la tecnolog\u00eda en un Solo Lugar - Cartagena - Medell\u00edn - Colombia - USA\",\"potentialAction\":[{\"@type\":\"SearchAction\",\"target\":{\"@type\":\"EntryPoint\",\"urlTemplate\":\"https:\/\/gets.com.co\/?s={search_term_string}\"},\"query-input\":{\"@type\":\"PropertyValueSpecification\",\"valueRequired\":true,\"valueName\":\"search_term_string\"}}],\"inLanguage\":\"en-US\"}]}<\/script>\n<!-- \/ Yoast SEO plugin. -->","yoast_head_json":{"title":"Planes-Pagina-Web - Gets Tecnolog\u00eda","robots":{"index":"index","follow":"follow","max-snippet":"max-snippet:-1","max-image-preview":"max-image-preview:large","max-video-preview":"max-video-preview:-1"},"canonical":"https:\/\/gets.com.co\/engl\/planes-pagina-web\/","og_locale":"en_US","og_type":"article","og_title":"Planes-Pagina-Web - Gets Tecnolog\u00eda","og_url":"https:\/\/gets.com.co\/engl\/planes-pagina-web\/","og_site_name":"Gets Tecnolog\u00eda","article_publisher":"https:\/\/www.facebook.com\/tecnologiagets","article_modified_time":"2024-05-05T13:58:53+00:00","og_image":[{"url":"http:\/\/gets.com.co\/wp-content\/uploads\/2024\/05\/img4.jpg","type":"","width":"","height":""}],"twitter_card":"summary_large_image","schema":{"@context":"https:\/\/schema.org","@graph":[{"@type":"WebPage","@id":"https:\/\/gets.com.co\/planes-pagina-web\/","url":"https:\/\/gets.com.co\/planes-pagina-web\/","name":"Planes-Pagina-Web - Gets Tecnolog\u00eda","isPartOf":{"@id":"https:\/\/gets.com.co\/#website"},"primaryImageOfPage":{"@id":"https:\/\/gets.com.co\/planes-pagina-web\/#primaryimage"},"image":{"@id":"https:\/\/gets.com.co\/planes-pagina-web\/#primaryimage"},"thumbnailUrl":"http:\/\/gets.com.co\/wp-content\/uploads\/2024\/05\/img4.jpg","datePublished":"2024-05-05T13:48:56+00:00","dateModified":"2024-05-05T13:58:53+00:00","breadcrumb":{"@id":"https:\/\/gets.com.co\/planes-pagina-web\/#breadcrumb"},"inLanguage":"en-US","potentialAction":[{"@type":"ReadAction","target":["https:\/\/gets.com.co\/planes-pagina-web\/"]}]},{"@type":"ImageObject","inLanguage":"en-US","@id":"https:\/\/gets.com.co\/planes-pagina-web\/#primaryimage","url":"http:\/\/gets.com.co\/wp-content\/uploads\/2024\/05\/img4.jpg","contentUrl":"http:\/\/gets.com.co\/wp-content\/uploads\/2024\/05\/img4.jpg"},{"@type":"BreadcrumbList","@id":"https:\/\/gets.com.co\/planes-pagina-web\/#breadcrumb","itemListElement":[{"@type":"ListItem","position":1,"name":"Home","item":"https:\/\/gets.com.co\/"},{"@type":"ListItem","position":2,"name":"Planes-Pagina-Web"}]},{"@type":"WebSite","@id":"https:\/\/gets.com.co\/#website","url":"https:\/\/gets.com.co\/","name":"Gets Technology","description":"Tu Aliado En Tecnolog\u00eda Y Desarrollo - Toda la tecnolog\u00eda en un Solo Lugar - Cartagena - Medell\u00edn - Colombia - USA","potentialAction":[{"@type":"SearchAction","target":{"@type":"EntryPoint","urlTemplate":"https:\/\/gets.com.co\/?s={search_term_string}"},"query-input":{"@type":"PropertyValueSpecification","valueRequired":true,"valueName":"search_term_string"}}],"inLanguage":"en-US"}]}},"_hostinger_reach_plugin_has_subscription_block":false,"_hostinger_reach_plugin_is_elementor":false,"_links":{"self":[{"href":"https:\/\/gets.com.co\/engl\/wp-json\/wp\/v2\/pages\/7328","targetHints":{"allow":["GET"]}}],"collection":[{"href":"https:\/\/gets.com.co\/engl\/wp-json\/wp\/v2\/pages"}],"about":[{"href":"https:\/\/gets.com.co\/engl\/wp-json\/wp\/v2\/types\/page"}],"author":[{"embeddable":true,"href":"https:\/\/gets.com.co\/engl\/wp-json\/wp\/v2\/users\/8"}],"replies":[{"embeddable":true,"href":"https:\/\/gets.com.co\/engl\/wp-json\/wp\/v2\/comments?post=7328"}],"version-history":[{"count":10,"href":"https:\/\/gets.com.co\/engl\/wp-json\/wp\/v2\/pages\/7328\/revisions"}],"predecessor-version":[{"id":7340,"href":"https:\/\/gets.com.co\/engl\/wp-json\/wp\/v2\/pages\/7328\/revisions\/7340"}],"wp:attachment":[{"href":"https:\/\/gets.com.co\/engl\/wp-json\/wp\/v2\/media?parent=7328"}],"curies":[{"name":"wp","href":"https:\/\/api.w.org\/{rel}","templated":true}]}}