{"id":8276,"date":"2025-11-07T14:11:22","date_gmt":"2025-11-07T19:11:22","guid":{"rendered":"https:\/\/gets.com.co\/?page_id=8276"},"modified":"2025-11-07T14:45:00","modified_gmt":"2025-11-07T19:45:00","slug":"laboratorio-ia-gets-fotos","status":"publish","type":"page","link":"https:\/\/gets.com.co\/engl\/laboratorio-ia-gets-fotos\/","title":{"rendered":"LABORATORIO IA GETS FOTOS"},"content":{"rendered":"<div data-elementor-type=\"wp-page\" data-elementor-id=\"8276\" class=\"elementor elementor-8276\" data-elementor-post-type=\"page\">\n\t\t\t\t<div class=\"elementor-element elementor-element-161da8a e-con-full e-flex e-con e-parent\" data-id=\"161da8a\" data-element_type=\"container\" data-e-type=\"container\" data-settings=\"{&quot;ekit_has_onepagescroll_dot&quot;:&quot;yes&quot;}\">\n\t\t\t\t<\/div>\n\t\t<div class=\"elementor-element elementor-element-613ad8f e-flex e-con-boxed e-con e-parent\" data-id=\"613ad8f\" data-element_type=\"container\" data-e-type=\"container\" data-settings=\"{&quot;ekit_has_onepagescroll_dot&quot;:&quot;yes&quot;}\">\n\t\t\t\t\t<div class=\"e-con-inner\">\n\t\t<div class=\"elementor-element elementor-element-a6ac171 e-con-full e-flex e-con e-child\" data-id=\"a6ac171\" data-element_type=\"container\" data-e-type=\"container\" data-settings=\"{&quot;ekit_has_onepagescroll_dot&quot;:&quot;yes&quot;}\">\n\t\t\t\t<div class=\"elementor-element elementor-element-fa4e781 elementor-widget elementor-widget-image\" data-id=\"fa4e781\" data-element_type=\"widget\" data-e-type=\"widget\" data-settings=\"{&quot;ekit_we_effect_on&quot;:&quot;none&quot;}\" data-widget_type=\"image.default\">\n\t\t\t\t<div class=\"elementor-widget-container\">\n\t\t\t\t\t\t\t\t\t\t\t\t\t\t\t<img fetchpriority=\"high\" decoding=\"async\" width=\"1024\" height=\"747\" src=\"https:\/\/gets.com.co\/wp-content\/uploads\/2025\/11\/laboratorio_gets1-1024x747.jpg\" class=\"attachment-large size-large wp-image-8286\" alt=\"\" srcset=\"https:\/\/gets.com.co\/wp-content\/uploads\/2025\/11\/laboratorio_gets1-1024x747.jpg 1024w, https:\/\/gets.com.co\/wp-content\/uploads\/2025\/11\/laboratorio_gets1-300x219.jpg 300w, https:\/\/gets.com.co\/wp-content\/uploads\/2025\/11\/laboratorio_gets1-768x560.jpg 768w, https:\/\/gets.com.co\/wp-content\/uploads\/2025\/11\/laboratorio_gets1-16x12.jpg 16w, https:\/\/gets.com.co\/wp-content\/uploads\/2025\/11\/laboratorio_gets1-720x525.jpg 720w, https:\/\/gets.com.co\/wp-content\/uploads\/2025\/11\/laboratorio_gets1.jpg 1184w\" sizes=\"(max-width: 1024px) 100vw, 1024px\" \/>\t\t\t\t\t\t\t\t\t\t\t\t\t\t\t<\/div>\n\t\t\t\t<\/div>\n\t\t\t\t<\/div>\n\t\t<div class=\"elementor-element elementor-element-17aeafa e-con-full e-flex e-con e-child\" data-id=\"17aeafa\" data-element_type=\"container\" data-e-type=\"container\" data-settings=\"{&quot;ekit_has_onepagescroll_dot&quot;:&quot;yes&quot;}\">\n\t\t\t\t<div class=\"elementor-element elementor-element-7e004a6 elementor-widget elementor-widget-image\" data-id=\"7e004a6\" data-element_type=\"widget\" data-e-type=\"widget\" data-settings=\"{&quot;ekit_we_effect_on&quot;:&quot;none&quot;}\" data-widget_type=\"image.default\">\n\t\t\t\t<div class=\"elementor-widget-container\">\n\t\t\t\t\t\t\t\t\t\t\t\t\t\t\t<img decoding=\"async\" width=\"1024\" height=\"747\" src=\"https:\/\/gets.com.co\/wp-content\/uploads\/2025\/11\/laboratorio_gets2-1024x747.jpg\" class=\"attachment-large size-large wp-image-8287\" alt=\"\" srcset=\"https:\/\/gets.com.co\/wp-content\/uploads\/2025\/11\/laboratorio_gets2-1024x747.jpg 1024w, https:\/\/gets.com.co\/wp-content\/uploads\/2025\/11\/laboratorio_gets2-300x219.jpg 300w, https:\/\/gets.com.co\/wp-content\/uploads\/2025\/11\/laboratorio_gets2-768x560.jpg 768w, https:\/\/gets.com.co\/wp-content\/uploads\/2025\/11\/laboratorio_gets2-16x12.jpg 16w, https:\/\/gets.com.co\/wp-content\/uploads\/2025\/11\/laboratorio_gets2-720x525.jpg 720w, https:\/\/gets.com.co\/wp-content\/uploads\/2025\/11\/laboratorio_gets2.jpg 1184w\" sizes=\"(max-width: 1024px) 100vw, 1024px\" \/>\t\t\t\t\t\t\t\t\t\t\t\t\t\t\t<\/div>\n\t\t\t\t<\/div>\n\t\t\t\t<\/div>\n\t\t\t\t\t<\/div>\n\t\t\t\t<\/div>\n\t\t<div class=\"elementor-element elementor-element-104182e e-flex e-con-boxed e-con e-parent\" data-id=\"104182e\" data-element_type=\"container\" data-e-type=\"container\" data-settings=\"{&quot;ekit_has_onepagescroll_dot&quot;:&quot;yes&quot;}\">\n\t\t\t\t\t<div class=\"e-con-inner\">\n\t\t<div class=\"elementor-element elementor-element-979ca26 e-con-full e-flex e-con e-child\" data-id=\"979ca26\" data-element_type=\"container\" data-e-type=\"container\" data-settings=\"{&quot;ekit_has_onepagescroll_dot&quot;:&quot;yes&quot;}\">\n\t\t\t\t<div class=\"elementor-element elementor-element-f023dee elementor-widget elementor-widget-image\" data-id=\"f023dee\" data-element_type=\"widget\" data-e-type=\"widget\" data-settings=\"{&quot;ekit_we_effect_on&quot;:&quot;none&quot;}\" data-widget_type=\"image.default\">\n\t\t\t\t<div class=\"elementor-widget-container\">\n\t\t\t\t\t\t\t\t\t\t\t\t\t\t\t<img decoding=\"async\" width=\"747\" height=\"1024\" src=\"https:\/\/gets.com.co\/wp-content\/uploads\/2025\/11\/laboratorio_gets3-747x1024.jpg\" class=\"attachment-large size-large wp-image-8291\" alt=\"\" srcset=\"https:\/\/gets.com.co\/wp-content\/uploads\/2025\/11\/laboratorio_gets3-747x1024.jpg 747w, https:\/\/gets.com.co\/wp-content\/uploads\/2025\/11\/laboratorio_gets3-219x300.jpg 219w, https:\/\/gets.com.co\/wp-content\/uploads\/2025\/11\/laboratorio_gets3-768x1052.jpg 768w, https:\/\/gets.com.co\/wp-content\/uploads\/2025\/11\/laboratorio_gets3-9x12.jpg 9w, https:\/\/gets.com.co\/wp-content\/uploads\/2025\/11\/laboratorio_gets3-720x987.jpg 720w, https:\/\/gets.com.co\/wp-content\/uploads\/2025\/11\/laboratorio_gets3.jpg 864w\" sizes=\"(max-width: 747px) 100vw, 747px\" \/>\t\t\t\t\t\t\t\t\t\t\t\t\t\t\t<\/div>\n\t\t\t\t<\/div>\n\t\t\t\t<\/div>\n\t\t<div class=\"elementor-element elementor-element-1d495ef e-con-full e-flex e-con e-child\" data-id=\"1d495ef\" data-element_type=\"container\" data-e-type=\"container\" data-settings=\"{&quot;ekit_has_onepagescroll_dot&quot;:&quot;yes&quot;}\">\n\t\t\t\t<div class=\"elementor-element elementor-element-48e85b4 elementor-widget elementor-widget-image\" data-id=\"48e85b4\" data-element_type=\"widget\" data-e-type=\"widget\" data-settings=\"{&quot;ekit_we_effect_on&quot;:&quot;none&quot;}\" data-widget_type=\"image.default\">\n\t\t\t\t<div class=\"elementor-widget-container\">\n\t\t\t\t\t\t\t\t\t\t\t\t\t\t\t<img loading=\"lazy\" decoding=\"async\" width=\"747\" height=\"1024\" src=\"https:\/\/gets.com.co\/wp-content\/uploads\/2025\/11\/laboratorio_gets4-747x1024.jpg\" class=\"attachment-large size-large wp-image-8292\" alt=\"\" srcset=\"https:\/\/gets.com.co\/wp-content\/uploads\/2025\/11\/laboratorio_gets4-747x1024.jpg 747w, https:\/\/gets.com.co\/wp-content\/uploads\/2025\/11\/laboratorio_gets4-219x300.jpg 219w, https:\/\/gets.com.co\/wp-content\/uploads\/2025\/11\/laboratorio_gets4-768x1052.jpg 768w, https:\/\/gets.com.co\/wp-content\/uploads\/2025\/11\/laboratorio_gets4-9x12.jpg 9w, https:\/\/gets.com.co\/wp-content\/uploads\/2025\/11\/laboratorio_gets4-720x987.jpg 720w, https:\/\/gets.com.co\/wp-content\/uploads\/2025\/11\/laboratorio_gets4.jpg 864w\" sizes=\"(max-width: 747px) 100vw, 747px\" \/>\t\t\t\t\t\t\t\t\t\t\t\t\t\t\t<\/div>\n\t\t\t\t<\/div>\n\t\t\t\t<\/div>\n\t\t\t\t\t<\/div>\n\t\t\t\t<\/div>\n\t\t\t\t<\/div>","protected":false},"excerpt":{"rendered":"","protected":false},"author":7,"featured_media":0,"parent":0,"menu_order":0,"comment_status":"closed","ping_status":"closed","template":"","meta":{"_mbp_gutenberg_autopost":false,"footnotes":""},"class_list":["post-8276","page","type-page","status-publish","hentry"],"yoast_head":"<!-- This site is optimized with the Yoast SEO plugin v26.1.1 - https:\/\/yoast.com\/wordpress\/plugins\/seo\/ -->\n<title>LABORATORIO IA GETS FOTOS - Gets Tecnolog\u00eda<\/title>\n<meta name=\"robots\" content=\"index, follow, max-snippet:-1, max-image-preview:large, max-video-preview:-1\" \/>\n<link rel=\"canonical\" href=\"https:\/\/gets.com.co\/engl\/laboratorio-ia-gets-fotos\/\" \/>\n<meta property=\"og:locale\" content=\"en_US\" \/>\n<meta property=\"og:type\" content=\"article\" \/>\n<meta property=\"og:title\" content=\"LABORATORIO IA GETS FOTOS - Gets Tecnolog\u00eda\" \/>\n<meta property=\"og:url\" content=\"https:\/\/gets.com.co\/engl\/laboratorio-ia-gets-fotos\/\" \/>\n<meta property=\"og:site_name\" content=\"Gets Tecnolog\u00eda\" \/>\n<meta property=\"article:publisher\" content=\"https:\/\/www.facebook.com\/tecnologiagets\" \/>\n<meta property=\"article:modified_time\" content=\"2025-11-07T19:45:00+00:00\" \/>\n<meta property=\"og:image\" content=\"https:\/\/gets.com.co\/wp-content\/uploads\/2025\/11\/laboratorio_gets1.jpg\" \/>\n\t<meta property=\"og:image:width\" content=\"1184\" \/>\n\t<meta property=\"og:image:height\" content=\"864\" \/>\n\t<meta property=\"og:image:type\" content=\"image\/jpeg\" \/>\n<meta name=\"twitter:card\" content=\"summary_large_image\" \/>\n<meta name=\"twitter:label1\" content=\"Est. reading time\" \/>\n\t<meta name=\"twitter:data1\" content=\"1 minute\" \/>\n<script type=\"application\/ld+json\" class=\"yoast-schema-graph\">{\"@context\":\"https:\/\/schema.org\",\"@graph\":[{\"@type\":\"WebPage\",\"@id\":\"https:\/\/gets.com.co\/laboratorio-ia-gets-fotos\/\",\"url\":\"https:\/\/gets.com.co\/laboratorio-ia-gets-fotos\/\",\"name\":\"LABORATORIO IA GETS FOTOS - Gets Tecnolog\u00eda\",\"isPartOf\":{\"@id\":\"https:\/\/gets.com.co\/#website\"},\"primaryImageOfPage\":{\"@id\":\"https:\/\/gets.com.co\/laboratorio-ia-gets-fotos\/#primaryimage\"},\"image\":{\"@id\":\"https:\/\/gets.com.co\/laboratorio-ia-gets-fotos\/#primaryimage\"},\"thumbnailUrl\":\"http:\/\/gets.com.co\/wp-content\/uploads\/2025\/11\/laboratorio_gets1-1024x747.jpg\",\"datePublished\":\"2025-11-07T19:11:22+00:00\",\"dateModified\":\"2025-11-07T19:45:00+00:00\",\"breadcrumb\":{\"@id\":\"https:\/\/gets.com.co\/laboratorio-ia-gets-fotos\/#breadcrumb\"},\"inLanguage\":\"en-US\",\"potentialAction\":[{\"@type\":\"ReadAction\",\"target\":[\"https:\/\/gets.com.co\/laboratorio-ia-gets-fotos\/\"]}]},{\"@type\":\"ImageObject\",\"inLanguage\":\"en-US\",\"@id\":\"https:\/\/gets.com.co\/laboratorio-ia-gets-fotos\/#primaryimage\",\"url\":\"http:\/\/gets.com.co\/wp-content\/uploads\/2025\/11\/laboratorio_gets1-1024x747.jpg\",\"contentUrl\":\"http:\/\/gets.com.co\/wp-content\/uploads\/2025\/11\/laboratorio_gets1-1024x747.jpg\"},{\"@type\":\"BreadcrumbList\",\"@id\":\"https:\/\/gets.com.co\/laboratorio-ia-gets-fotos\/#breadcrumb\",\"itemListElement\":[{\"@type\":\"ListItem\",\"position\":1,\"name\":\"Home\",\"item\":\"https:\/\/gets.com.co\/\"},{\"@type\":\"ListItem\",\"position\":2,\"name\":\"LABORATORIO IA GETS FOTOS\"}]},{\"@type\":\"WebSite\",\"@id\":\"https:\/\/gets.com.co\/#website\",\"url\":\"https:\/\/gets.com.co\/\",\"name\":\"Gets Tecnolog\u00eda\",\"description\":\"Tu Aliado En Tecnolog\u00eda Y Desarrollo - Toda la tecnolog\u00eda en un Solo Lugar - Cartagena - Medell\u00edn - Colombia - USA\",\"potentialAction\":[{\"@type\":\"SearchAction\",\"target\":{\"@type\":\"EntryPoint\",\"urlTemplate\":\"https:\/\/gets.com.co\/?s={search_term_string}\"},\"query-input\":{\"@type\":\"PropertyValueSpecification\",\"valueRequired\":true,\"valueName\":\"search_term_string\"}}],\"inLanguage\":\"en-US\"}]}<\/script>\n<!-- \/ Yoast SEO plugin. -->","yoast_head_json":{"title":"LABORATORIO IA GETS FOTOS - Gets Tecnolog\u00eda","robots":{"index":"index","follow":"follow","max-snippet":"max-snippet:-1","max-image-preview":"max-image-preview:large","max-video-preview":"max-video-preview:-1"},"canonical":"https:\/\/gets.com.co\/engl\/laboratorio-ia-gets-fotos\/","og_locale":"en_US","og_type":"article","og_title":"LABORATORIO IA GETS FOTOS - Gets Tecnolog\u00eda","og_url":"https:\/\/gets.com.co\/engl\/laboratorio-ia-gets-fotos\/","og_site_name":"Gets Tecnolog\u00eda","article_publisher":"https:\/\/www.facebook.com\/tecnologiagets","article_modified_time":"2025-11-07T19:45:00+00:00","og_image":[{"width":1184,"height":864,"url":"https:\/\/gets.com.co\/wp-content\/uploads\/2025\/11\/laboratorio_gets1.jpg","type":"image\/jpeg"}],"twitter_card":"summary_large_image","twitter_misc":{"Est. reading time":"1 minute"},"schema":{"@context":"https:\/\/schema.org","@graph":[{"@type":"WebPage","@id":"https:\/\/gets.com.co\/laboratorio-ia-gets-fotos\/","url":"https:\/\/gets.com.co\/laboratorio-ia-gets-fotos\/","name":"LABORATORIO IA GETS FOTOS - Gets Tecnolog\u00eda","isPartOf":{"@id":"https:\/\/gets.com.co\/#website"},"primaryImageOfPage":{"@id":"https:\/\/gets.com.co\/laboratorio-ia-gets-fotos\/#primaryimage"},"image":{"@id":"https:\/\/gets.com.co\/laboratorio-ia-gets-fotos\/#primaryimage"},"thumbnailUrl":"http:\/\/gets.com.co\/wp-content\/uploads\/2025\/11\/laboratorio_gets1-1024x747.jpg","datePublished":"2025-11-07T19:11:22+00:00","dateModified":"2025-11-07T19:45:00+00:00","breadcrumb":{"@id":"https:\/\/gets.com.co\/laboratorio-ia-gets-fotos\/#breadcrumb"},"inLanguage":"en-US","potentialAction":[{"@type":"ReadAction","target":["https:\/\/gets.com.co\/laboratorio-ia-gets-fotos\/"]}]},{"@type":"ImageObject","inLanguage":"en-US","@id":"https:\/\/gets.com.co\/laboratorio-ia-gets-fotos\/#primaryimage","url":"http:\/\/gets.com.co\/wp-content\/uploads\/2025\/11\/laboratorio_gets1-1024x747.jpg","contentUrl":"http:\/\/gets.com.co\/wp-content\/uploads\/2025\/11\/laboratorio_gets1-1024x747.jpg"},{"@type":"BreadcrumbList","@id":"https:\/\/gets.com.co\/laboratorio-ia-gets-fotos\/#breadcrumb","itemListElement":[{"@type":"ListItem","position":1,"name":"Home","item":"https:\/\/gets.com.co\/"},{"@type":"ListItem","position":2,"name":"LABORATORIO IA GETS FOTOS"}]},{"@type":"WebSite","@id":"https:\/\/gets.com.co\/#website","url":"https:\/\/gets.com.co\/","name":"Gets Technology","description":"Tu Aliado En Tecnolog\u00eda Y Desarrollo - Toda la tecnolog\u00eda en un Solo Lugar - Cartagena - Medell\u00edn - Colombia - USA","potentialAction":[{"@type":"SearchAction","target":{"@type":"EntryPoint","urlTemplate":"https:\/\/gets.com.co\/?s={search_term_string}"},"query-input":{"@type":"PropertyValueSpecification","valueRequired":true,"valueName":"search_term_string"}}],"inLanguage":"en-US"}]}},"_links":{"self":[{"href":"https:\/\/gets.com.co\/engl\/wp-json\/wp\/v2\/pages\/8276","targetHints":{"allow":["GET"]}}],"collection":[{"href":"https:\/\/gets.com.co\/engl\/wp-json\/wp\/v2\/pages"}],"about":[{"href":"https:\/\/gets.com.co\/engl\/wp-json\/wp\/v2\/types\/page"}],"author":[{"embeddable":true,"href":"https:\/\/gets.com.co\/engl\/wp-json\/wp\/v2\/users\/7"}],"replies":[{"embeddable":true,"href":"https:\/\/gets.com.co\/engl\/wp-json\/wp\/v2\/comments?post=8276"}],"version-history":[{"count":13,"href":"https:\/\/gets.com.co\/engl\/wp-json\/wp\/v2\/pages\/8276\/revisions"}],"predecessor-version":[{"id":8295,"href":"https:\/\/gets.com.co\/engl\/wp-json\/wp\/v2\/pages\/8276\/revisions\/8295"}],"wp:attachment":[{"href":"https:\/\/gets.com.co\/engl\/wp-json\/wp\/v2\/media?parent=8276"}],"curies":[{"name":"wp","href":"https:\/\/api.w.org\/{rel}","templated":true}]}}